{"id":6039,"date":"2025-12-05T11:06:52","date_gmt":"2025-12-05T10:06:52","guid":{"rendered":"https:\/\/gabriq.com\/politica-de-privacidad\/"},"modified":"2026-01-29T09:44:15","modified_gmt":"2026-01-29T08:44:15","slug":"politica-de-privacidad","status":"publish","type":"page","link":"https:\/\/gabriq.com\/es\/politica-de-privacidad\/","title":{"rendered":"Pol\u00edtica de privacidad"},"content":{"rendered":"\t\t<div data-elementor-type=\"wp-page\" data-elementor-id=\"6039\" class=\"elementor elementor-6039 elementor-4362\" data-elementor-post-type=\"page\">\n\t\t\t\t<div class=\"elementor-element elementor-element-26f4af3 e-flex e-con-boxed e-con e-parent\" data-id=\"26f4af3\" data-element_type=\"container\" data-e-type=\"container\" data-settings=\"{&quot;background_background&quot;:&quot;classic&quot;}\">\n\t\t\t\t\t<div class=\"e-con-inner\">\n\t\t\t\t<div class=\"elementor-element elementor-element-8a04a18 elementor-widget elementor-widget-heading\" data-id=\"8a04a18\" data-element_type=\"widget\" data-e-type=\"widget\" data-widget_type=\"heading.default\">\n\t\t\t\t<div class=\"elementor-widget-container\">\n\t\t\t\t\t<h2 class=\"elementor-heading-title elementor-size-default\">Pol\u00edtica de privacidad y cookies<\/h2>\t\t\t\t<\/div>\n\t\t\t\t<\/div>\n\t\t\t\t\t<\/div>\n\t\t\t\t<\/div>\n\t\t<div class=\"elementor-element elementor-element-49c5eec e-flex e-con-boxed e-con e-parent\" data-id=\"49c5eec\" data-element_type=\"container\" data-e-type=\"container\" data-settings=\"{&quot;background_background&quot;:&quot;classic&quot;}\">\n\t\t\t\t\t<div class=\"e-con-inner\">\n\t\t\t\t<div class=\"elementor-element elementor-element-542988e elementor-widget elementor-widget-heading\" data-id=\"542988e\" data-element_type=\"widget\" data-e-type=\"widget\" data-widget_type=\"heading.default\">\n\t\t\t\t<div class=\"elementor-widget-container\">\n\t\t\t\t\t<h2 class=\"elementor-heading-title elementor-size-default\">1. Qui\u00e9nes somos<\/h2>\t\t\t\t<\/div>\n\t\t\t\t<\/div>\n\t\t\t\t<div class=\"elementor-element elementor-element-177f49a elementor-widget elementor-widget-text-editor\" data-id=\"177f49a\" data-element_type=\"widget\" data-e-type=\"widget\" data-widget_type=\"text-editor.default\">\n\t\t\t\t<div class=\"elementor-widget-container\">\n\t\t\t\t\t\t\t\t\t<p><strong>Gabriq V.O.F.<\/strong><br>Ubicaci\u00f3n: Meerstraat 22, 5552 JE, Valkenswaard, Pa\u00edses Bajos<br>KVK: 98661353<br>IVA: NL868589536B01<br>Correo electr\u00f3nico: <a href=\"mailto:info@gabriq.com\"><strong>info@gabriq.com<\/strong><\/a><\/p><p>Gabriq procesa datos personales de los consumidores conforme al <strong>Reglamento General de Protecci\u00f3n de Datos (RGPD).<\/strong><\/p>\t\t\t\t\t\t\t\t<\/div>\n\t\t\t\t<\/div>\n\t\t\t\t\t<\/div>\n\t\t\t\t<\/div>\n\t\t<div class=\"elementor-element elementor-element-338852a e-flex e-con-boxed e-con e-parent\" data-id=\"338852a\" data-element_type=\"container\" data-e-type=\"container\" data-settings=\"{&quot;background_background&quot;:&quot;classic&quot;}\">\n\t\t\t\t\t<div class=\"e-con-inner\">\n\t\t\t\t<div class=\"elementor-element elementor-element-eab5fab elementor-widget elementor-widget-heading\" data-id=\"eab5fab\" data-element_type=\"widget\" data-e-type=\"widget\" data-widget_type=\"heading.default\">\n\t\t\t\t<div class=\"elementor-widget-container\">\n\t\t\t\t\t<h2 class=\"elementor-heading-title elementor-size-default\">2. Qu\u00e9 datos recopilamos<\/h2>\t\t\t\t<\/div>\n\t\t\t\t<\/div>\n\t\t\t\t<div class=\"elementor-element elementor-element-8c7a5ea elementor-widget elementor-widget-text-editor\" data-id=\"8c7a5ea\" data-element_type=\"widget\" data-e-type=\"widget\" data-widget_type=\"text-editor.default\">\n\t\t\t\t<div class=\"elementor-widget-container\">\n\t\t\t\t\t\t\t\t\t<p>Al realizar un pedido, suscribirse a un bolet\u00edn o utilizar la web, podemos recopilar los siguientes datos:<\/p><ul><li>Nombre, correo electr\u00f3nico, direcci\u00f3n postal y n\u00famero de tel\u00e9fono<\/li><li>Informaci\u00f3n sobre pedidos y pagos<\/li><li>Direcci\u00f3n IP e informaci\u00f3n del navegador<\/li><li>Cookies y tecnolog\u00edas similares (v\u00e9ase \u00a77)<\/li><li>Preferencias y consentimientos de marketing (incluido LinkedIn)<\/li><li style=\"list-style-type: none;\"> <\/li><\/ul>\t\t\t\t\t\t\t\t<\/div>\n\t\t\t\t<\/div>\n\t\t\t\t\t<\/div>\n\t\t\t\t<\/div>\n\t\t<div class=\"elementor-element elementor-element-db55e9f e-flex e-con-boxed e-con e-parent\" data-id=\"db55e9f\" data-element_type=\"container\" data-e-type=\"container\" data-settings=\"{&quot;background_background&quot;:&quot;classic&quot;}\">\n\t\t\t\t\t<div class=\"e-con-inner\">\n\t\t\t\t<div class=\"elementor-element elementor-element-acda823 elementor-widget elementor-widget-heading\" data-id=\"acda823\" data-element_type=\"widget\" data-e-type=\"widget\" data-widget_type=\"heading.default\">\n\t\t\t\t<div class=\"elementor-widget-container\">\n\t\t\t\t\t<h2 class=\"elementor-heading-title elementor-size-default\">3. Prop\u00f3sito del procesamiento de datos<\/h2>\t\t\t\t<\/div>\n\t\t\t\t<\/div>\n\t\t\t\t<div class=\"elementor-element elementor-element-1041aac elementor-widget elementor-widget-text-editor\" data-id=\"1041aac\" data-element_type=\"widget\" data-e-type=\"widget\" data-widget_type=\"text-editor.default\">\n\t\t\t\t<div class=\"elementor-widget-container\">\n\t\t\t\t\t\t\t\t\t<p>Procesamos datos personales para los siguientes fines:<\/p><ul><li><strong>Pedidos y entrega:<\/strong> procesamiento y env\u00edo de pedidos v\u00eda WooCommerce\/WordPress<\/li><li><strong>Atenci\u00f3n al cliente:<\/strong> responder preguntas y gestionar quejas<\/li><li><strong>Marketing:<\/strong><ul><li>Boletines a trav\u00e9s de MailerLite (solo tras una suscripci\u00f3n expl\u00edcita)<\/li><li>Marketing en redes sociales a trav\u00e9s de Meta (Facebook\/Instagram), TikTok y LinkedIn (solo con consentimiento cuando sea necesario)<\/li><\/ul><\/li><li><strong>Optimizaci\u00f3n de sitios web:<\/strong> an\u00e1lisis del uso del sitio web y estad\u00edsticas de visitantes<\/li><li><strong>Obligaciones legales:<\/strong> como la administraci\u00f3n fiscal y los derechos de garant\u00eda<\/li><\/ul>\t\t\t\t\t\t\t\t<\/div>\n\t\t\t\t<\/div>\n\t\t\t\t\t<\/div>\n\t\t\t\t<\/div>\n\t\t<div class=\"elementor-element elementor-element-6843d1d e-flex e-con-boxed e-con e-parent\" data-id=\"6843d1d\" data-element_type=\"container\" data-e-type=\"container\" data-settings=\"{&quot;background_background&quot;:&quot;classic&quot;}\">\n\t\t\t\t\t<div class=\"e-con-inner\">\n\t\t\t\t<div class=\"elementor-element elementor-element-0034381 elementor-widget elementor-widget-heading\" data-id=\"0034381\" data-element_type=\"widget\" data-e-type=\"widget\" data-widget_type=\"heading.default\">\n\t\t\t\t<div class=\"elementor-widget-container\">\n\t\t\t\t\t<h2 class=\"elementor-heading-title elementor-size-default\">4. Base legal<\/h2>\t\t\t\t<\/div>\n\t\t\t\t<\/div>\n\t\t\t\t<div class=\"elementor-element elementor-element-2d50948 elementor-widget elementor-widget-text-editor\" data-id=\"2d50948\" data-element_type=\"widget\" data-e-type=\"widget\" data-widget_type=\"text-editor.default\">\n\t\t\t\t<div class=\"elementor-widget-container\">\n\t\t\t\t\t\t\t\t\t<p>El tratamiento de datos personales se basa en:<\/p><ul><li><strong>Cumplimiento del contrato:<\/strong> para pedidos y entregas<\/li><li><strong>Consentimiento:<\/strong> para newsletters, marketing y cookies de seguimiento<\/li><li><strong>Intereses leg\u00edtimos:<\/strong> para an\u00e1lisis de sitios web y mejora de servicios<\/li><li><strong>Obligaci\u00f3n legal:<\/strong> para requisitos fiscales y administrativos<\/li><\/ul>\t\t\t\t\t\t\t\t<\/div>\n\t\t\t\t<\/div>\n\t\t\t\t\t<\/div>\n\t\t\t\t<\/div>\n\t\t<div class=\"elementor-element elementor-element-c147615 e-flex e-con-boxed e-con e-parent\" data-id=\"c147615\" data-element_type=\"container\" data-e-type=\"container\" data-settings=\"{&quot;background_background&quot;:&quot;classic&quot;}\">\n\t\t\t\t\t<div class=\"e-con-inner\">\n\t\t\t\t<div class=\"elementor-element elementor-element-1f6d6b1 elementor-widget elementor-widget-heading\" data-id=\"1f6d6b1\" data-element_type=\"widget\" data-e-type=\"widget\" data-widget_type=\"heading.default\">\n\t\t\t\t<div class=\"elementor-widget-container\">\n\t\t\t\t\t<h2 class=\"elementor-heading-title elementor-size-default\">5. Compartici\u00f3n de datos<\/h2>\t\t\t\t<\/div>\n\t\t\t\t<\/div>\n\t\t\t\t<div class=\"elementor-element elementor-element-4142bd3 elementor-widget elementor-widget-text-editor\" data-id=\"4142bd3\" data-element_type=\"widget\" data-e-type=\"widget\" data-widget_type=\"text-editor.default\">\n\t\t\t\t<div class=\"elementor-widget-container\">\n\t\t\t\t\t\t\t\t\t<p>Tus datos solo se comparten con las partes necesarias para:<\/p>\n<ul>\n<li><strong>Tienda online y alojamiento:<\/strong> WooCommerce\/WordPress<\/li>\n<li><strong>Pagos:<\/strong> proveedores de pagos como Rabobank Smart Pay<\/li>\n<li><strong>Marketing y Comunicaci\u00f3n:<\/strong> MailerLite, Meta, TikTok, LinkedIn<\/li>\n<li><strong>Entrega:<\/strong> mensajer\u00eda y servicios postales<\/li>\n<li><strong>Otras obligaciones legales<\/strong><\/li>\n<\/ul>\n<p><strong>Nunca vendemos ni compartimos tus datos con fines comerciales<\/strong> sin tu consentimiento.<\/p><p><br><\/p>\t\t\t\t\t\t\t\t<\/div>\n\t\t\t\t<\/div>\n\t\t\t\t\t<\/div>\n\t\t\t\t<\/div>\n\t\t<div class=\"elementor-element elementor-element-77e8d0d e-flex e-con-boxed e-con e-parent\" data-id=\"77e8d0d\" data-element_type=\"container\" data-e-type=\"container\" data-settings=\"{&quot;background_background&quot;:&quot;classic&quot;}\">\n\t\t\t\t\t<div class=\"e-con-inner\">\n\t\t\t\t<div class=\"elementor-element elementor-element-a1fb8cc elementor-widget elementor-widget-heading\" data-id=\"a1fb8cc\" data-element_type=\"widget\" data-e-type=\"widget\" data-widget_type=\"heading.default\">\n\t\t\t\t<div class=\"elementor-widget-container\">\n\t\t\t\t\t<h2 class=\"elementor-heading-title elementor-size-default\">6. Periodos de retenci\u00f3n<\/h2>\t\t\t\t<\/div>\n\t\t\t\t<\/div>\n\t\t\t\t<div class=\"elementor-element elementor-element-c4b1d82 elementor-widget elementor-widget-text-editor\" data-id=\"c4b1d82\" data-element_type=\"widget\" data-e-type=\"widget\" data-widget_type=\"text-editor.default\">\n\t\t\t\t<div class=\"elementor-widget-container\">\n\t\t\t\t\t\t\t\t\t<ul><li><strong>Datos de pedidos:<\/strong> hasta 7 a\u00f1os para obligaciones fiscales<\/li><li><strong>Marketing en boletines:<\/strong> siempre que el consumidor est\u00e9 suscrito o hasta que se retire el consentimiento.<\/li><li><strong>Datos web y cookies:<\/strong> dependiendo del tipo de cookie (v\u00e9ase \u00a77)<\/li><\/ul>\t\t\t\t\t\t\t\t<\/div>\n\t\t\t\t<\/div>\n\t\t\t\t\t<\/div>\n\t\t\t\t<\/div>\n\t\t<div class=\"elementor-element elementor-element-b9190d5 e-flex e-con-boxed e-con e-parent\" data-id=\"b9190d5\" data-element_type=\"container\" data-e-type=\"container\" data-settings=\"{&quot;background_background&quot;:&quot;classic&quot;}\">\n\t\t\t\t\t<div class=\"e-con-inner\">\n\t\t\t\t<div class=\"elementor-element elementor-element-eccc42c elementor-widget elementor-widget-heading\" data-id=\"eccc42c\" data-element_type=\"widget\" data-e-type=\"widget\" data-widget_type=\"heading.default\">\n\t\t\t\t<div class=\"elementor-widget-container\">\n\t\t\t\t\t<h2 class=\"elementor-heading-title elementor-size-default\">7. Galletas<\/h2>\t\t\t\t<\/div>\n\t\t\t\t<\/div>\n\t\t\t\t<div class=\"elementor-element elementor-element-f2ad7d4 elementor-widget elementor-widget-text-editor\" data-id=\"f2ad7d4\" data-element_type=\"widget\" data-e-type=\"widget\" data-widget_type=\"text-editor.default\">\n\t\t\t\t<div class=\"elementor-widget-container\">\n\t\t\t\t\t\t\t\t\t<ul><li><strong>Cookies estrictamente necesarias:<\/strong> necesarias para el correcto funcionamiento de la tienda online y el carrito de la compra<\/li><li><strong>Cookies anal\u00edticas:<\/strong> recopila datos anonimizados para mejorar el sitio web<\/li><li><strong>Cookies de marketing\/rastreo:<\/strong> usadas para publicidad y retargeting en redes sociales (Meta\/TikTok)<\/li><\/ul><p>Se solicita el consentimiento para las cookies de marketing en la primera visita y pueden <strong>modificarse o retirarse en cualquier<\/strong> momento a trav\u00e9s de la configuraci\u00f3n de cookies.<\/p><p> <\/p>\t\t\t\t\t\t\t\t<\/div>\n\t\t\t\t<\/div>\n\t\t\t\t\t<\/div>\n\t\t\t\t<\/div>\n\t\t<div class=\"elementor-element elementor-element-3ab9949 e-flex e-con-boxed e-con e-parent\" data-id=\"3ab9949\" data-element_type=\"container\" data-e-type=\"container\" data-settings=\"{&quot;background_background&quot;:&quot;classic&quot;}\">\n\t\t\t\t\t<div class=\"e-con-inner\">\n\t\t\t\t<div class=\"elementor-element elementor-element-6482a02 elementor-widget elementor-widget-heading\" data-id=\"6482a02\" data-element_type=\"widget\" data-e-type=\"widget\" data-widget_type=\"heading.default\">\n\t\t\t\t<div class=\"elementor-widget-container\">\n\t\t\t\t\t<h2 class=\"elementor-heading-title elementor-size-default\">8. Derechos del consumidor<\/h2>\t\t\t\t<\/div>\n\t\t\t\t<\/div>\n\t\t\t\t<div class=\"elementor-element elementor-element-f2aa6d5 elementor-widget elementor-widget-text-editor\" data-id=\"f2aa6d5\" data-element_type=\"widget\" data-e-type=\"widget\" data-widget_type=\"text-editor.default\">\n\t\t\t\t<div class=\"elementor-widget-container\">\n\t\t\t\t\t\t\t\t\t<p>Los consumidores tienen los siguientes derechos respecto a sus datos personales:<\/p><ul><li>Accede a sus datos personales<\/li><li>Datos correctos e inexactos<\/li><li>Solicitar la eliminaci\u00f3n de datos personales (siempre que no sea legalmente requerido)<\/li><li>Restringir el procesamiento<\/li><li>Portabilidad de datos<\/li><li>Objeci\u00f3n a las comunicaciones de marketing<\/li><\/ul><p>Estos derechos pueden ejercerse a trav\u00e9s de <a href=\"mailto:info@gabriq.com\"><strong>info@gabriq.com<\/strong><\/a>.<\/p>\t\t\t\t\t\t\t\t<\/div>\n\t\t\t\t<\/div>\n\t\t\t\t\t<\/div>\n\t\t\t\t<\/div>\n\t\t<div class=\"elementor-element elementor-element-7e6f463 e-flex e-con-boxed e-con e-parent\" data-id=\"7e6f463\" data-element_type=\"container\" data-e-type=\"container\" data-settings=\"{&quot;background_background&quot;:&quot;classic&quot;}\">\n\t\t\t\t\t<div class=\"e-con-inner\">\n\t\t\t\t<div class=\"elementor-element elementor-element-592625e elementor-widget elementor-widget-heading\" data-id=\"592625e\" data-element_type=\"widget\" data-e-type=\"widget\" data-widget_type=\"heading.default\">\n\t\t\t\t<div class=\"elementor-widget-container\">\n\t\t\t\t\t<h2 class=\"elementor-heading-title elementor-size-default\">9. Seguridad<\/h2>\t\t\t\t<\/div>\n\t\t\t\t<\/div>\n\t\t\t\t<div class=\"elementor-element elementor-element-3c43da3 elementor-widget elementor-widget-text-editor\" data-id=\"3c43da3\" data-element_type=\"widget\" data-e-type=\"widget\" data-widget_type=\"text-editor.default\">\n\t\t\t\t<div class=\"elementor-widget-container\">\n\t\t\t\t\t\t\t\t\t<p>Gabriq toma las medidas t\u00e9cnicas y organizativas adecuadas para proteger los datos personales frente <strong>a la p\u00e9rdida, el uso indebido o el acceso no autorizado<\/strong>.<\/p><p> <\/p>\t\t\t\t\t\t\t\t<\/div>\n\t\t\t\t<\/div>\n\t\t\t\t\t<\/div>\n\t\t\t\t<\/div>\n\t\t<div class=\"elementor-element elementor-element-b0b0643 e-flex e-con-boxed e-con e-parent\" data-id=\"b0b0643\" data-element_type=\"container\" data-e-type=\"container\" data-settings=\"{&quot;background_background&quot;:&quot;classic&quot;}\">\n\t\t\t\t\t<div class=\"e-con-inner\">\n\t\t\t\t<div class=\"elementor-element elementor-element-e5fd28c elementor-widget elementor-widget-text-editor\" data-id=\"e5fd28c\" data-element_type=\"widget\" data-e-type=\"widget\" data-widget_type=\"text-editor.default\">\n\t\t\t\t<div class=\"elementor-widget-container\">\n\t\t\t\t\t\t\t\t\t<p><strong>\u00daltima actualizaci\u00f3n:<\/strong> 26 de enero de 2026<\/p><p><strong>Informaci\u00f3n de la empresa:<\/strong><br>Gabriq V.O.F.<br>Meerstraat 22, 5552 JE Valkenswaard, Pa\u00edses Bajos<br>KVK: 98661353<br>IVA: NL868589536B01<br>Correo electr\u00f3nico: <a href=\"mailto:info@gabriq.com\">info@gabriq.com<\/a><\/p><p><strong>Gabriq. Donde la interpretaci\u00f3n se encuentra con el estilo. <\/strong><\/p>\t\t\t\t\t\t\t\t<\/div>\n\t\t\t\t<\/div>\n\t\t\t\t\t<\/div>\n\t\t\t\t<\/div>\n\t\t\t\t<\/div>\n\t\t","protected":false},"excerpt":{"rendered":"<p>Pol\u00edtica de privacidad y cookies 1. Qui\u00e9nes somos Gabriq V.O.F.Ubicaci\u00f3n: Meerstraat 22, 5552 JE, Valkenswaard, Pa\u00edses BajosKVK: 98661353IVA: NL868589536B01Correo electr\u00f3nico: info@gabriq.com Gabriq procesa datos personales de los consumidores conforme al Reglamento General de Protecci\u00f3n de Datos (RGPD). 2. Qu\u00e9 datos recopilamos Al realizar un pedido, suscribirse a un bolet\u00edn o utilizar la web, podemos recopilar [&hellip;]<\/p>\n","protected":false},"author":1,"featured_media":0,"parent":0,"menu_order":0,"comment_status":"closed","ping_status":"closed","template":"","meta":{"_acf_changed":false,"site-sidebar-layout":"no-sidebar","site-content-layout":"page-builder","ast-site-content-layout":"full-width-container","site-content-style":"default","site-sidebar-style":"default","ast-global-header-display":"","ast-banner-title-visibility":"","ast-main-header-display":"","ast-hfb-above-header-display":"","ast-hfb-below-header-display":"","ast-hfb-mobile-header-display":"","site-post-title":"disabled","ast-breadcrumbs-content":"","ast-featured-img":"disabled","footer-sml-layout":"","ast-disable-related-posts":"","theme-transparent-header-meta":"","adv-header-id-meta":"","stick-header-meta":"","header-above-stick-meta":"","header-main-stick-meta":"","header-below-stick-meta":"","astra-migrate-meta-layouts":"default","ast-page-background-enabled":"default","ast-page-background-meta":{"desktop":{"background-color":"var(--ast-global-color-4)","background-image":"","background-repeat":"repeat","background-position":"center center","background-size":"auto","background-attachment":"scroll","background-type":"","background-media":"","overlay-type":"","overlay-color":"","overlay-opacity":"","overlay-gradient":""},"tablet":{"background-color":"","background-image":"","background-repeat":"repeat","background-position":"center center","background-size":"auto","background-attachment":"scroll","background-type":"","background-media":"","overlay-type":"","overlay-color":"","overlay-opacity":"","overlay-gradient":""},"mobile":{"background-color":"","background-image":"","background-repeat":"repeat","background-position":"center center","background-size":"auto","background-attachment":"scroll","background-type":"","background-media":"","overlay-type":"","overlay-color":"","overlay-opacity":"","overlay-gradient":""}},"ast-content-background-meta":{"desktop":{"background-color":"var(--ast-global-color-5)","background-image":"","background-repeat":"repeat","background-position":"center center","background-size":"auto","background-attachment":"scroll","background-type":"","background-media":"","overlay-type":"","overlay-color":"","overlay-opacity":"","overlay-gradient":""},"tablet":{"background-color":"var(--ast-global-color-5)","background-image":"","background-repeat":"repeat","background-position":"center center","background-size":"auto","background-attachment":"scroll","background-type":"","background-media":"","overlay-type":"","overlay-color":"","overlay-opacity":"","overlay-gradient":""},"mobile":{"background-color":"var(--ast-global-color-5)","background-image":"","background-repeat":"repeat","background-position":"center center","background-size":"auto","background-attachment":"scroll","background-type":"","background-media":"","overlay-type":"","overlay-color":"","overlay-opacity":"","overlay-gradient":""}},"footnotes":""},"class_list":["post-6039","page","type-page","status-publish","hentry"],"acf":[],"jetpack_sharing_enabled":true,"_links":{"self":[{"href":"https:\/\/gabriq.com\/es\/wp-json\/wp\/v2\/pages\/6039","targetHints":{"allow":["GET"]}}],"collection":[{"href":"https:\/\/gabriq.com\/es\/wp-json\/wp\/v2\/pages"}],"about":[{"href":"https:\/\/gabriq.com\/es\/wp-json\/wp\/v2\/types\/page"}],"author":[{"embeddable":true,"href":"https:\/\/gabriq.com\/es\/wp-json\/wp\/v2\/users\/1"}],"replies":[{"embeddable":true,"href":"https:\/\/gabriq.com\/es\/wp-json\/wp\/v2\/comments?post=6039"}],"version-history":[{"count":2,"href":"https:\/\/gabriq.com\/es\/wp-json\/wp\/v2\/pages\/6039\/revisions"}],"predecessor-version":[{"id":7810,"href":"https:\/\/gabriq.com\/es\/wp-json\/wp\/v2\/pages\/6039\/revisions\/7810"}],"wp:attachment":[{"href":"https:\/\/gabriq.com\/es\/wp-json\/wp\/v2\/media?parent=6039"}],"curies":[{"name":"wp","href":"https:\/\/api.w.org\/{rel}","templated":true}]}}