{"id":6083,"date":"2025-12-05T11:09:40","date_gmt":"2025-12-05T10:09:40","guid":{"rendered":"https:\/\/gabriq.com\/politica-de-devoluciones\/"},"modified":"2026-01-26T15:12:51","modified_gmt":"2026-01-26T14:12:51","slug":"politica-de-devoluciones","status":"publish","type":"page","link":"https:\/\/gabriq.com\/es\/politica-de-devoluciones\/","title":{"rendered":"Pol\u00edtica de devoluciones"},"content":{"rendered":"\t\t<div data-elementor-type=\"wp-page\" data-elementor-id=\"6083\" class=\"elementor elementor-6083 elementor-4370\" data-elementor-post-type=\"page\">\n\t\t\t\t<div class=\"elementor-element elementor-element-d7761c1 e-flex e-con-boxed e-con e-parent\" data-id=\"d7761c1\" data-element_type=\"container\" data-e-type=\"container\" data-settings=\"{&quot;background_background&quot;:&quot;classic&quot;}\">\n\t\t\t\t\t<div class=\"e-con-inner\">\n\t\t\t\t<div class=\"elementor-element elementor-element-77018f5 elementor-widget elementor-widget-heading\" data-id=\"77018f5\" data-element_type=\"widget\" data-e-type=\"widget\" data-widget_type=\"heading.default\">\n\t\t\t\t<div class=\"elementor-widget-container\">\n\t\t\t\t\t<h2 class=\"elementor-heading-title elementor-size-default\">Pol\u00edtica de env\u00edos y devoluciones<\/h2>\t\t\t\t<\/div>\n\t\t\t\t<\/div>\n\t\t\t\t\t<\/div>\n\t\t\t\t<\/div>\n\t\t<div class=\"elementor-element elementor-element-2478920 e-flex e-con-boxed e-con e-parent\" data-id=\"2478920\" data-element_type=\"container\" data-e-type=\"container\" data-settings=\"{&quot;background_background&quot;:&quot;classic&quot;}\">\n\t\t\t\t\t<div class=\"e-con-inner\">\n\t\t\t\t<div class=\"elementor-element elementor-element-8252684 elementor-widget elementor-widget-heading\" data-id=\"8252684\" data-element_type=\"widget\" data-e-type=\"widget\" data-widget_type=\"heading.default\">\n\t\t\t\t<div class=\"elementor-widget-container\">\n\t\t\t\t\t<h2 class=\"elementor-heading-title elementor-size-default\">1. Entrega<\/h2>\t\t\t\t<\/div>\n\t\t\t\t<\/div>\n\t\t\t\t<div class=\"elementor-element elementor-element-cb8fc4d elementor-widget elementor-widget-text-editor\" data-id=\"cb8fc4d\" data-element_type=\"widget\" data-e-type=\"widget\" data-widget_type=\"text-editor.default\">\n\t\t\t\t<div class=\"elementor-widget-container\">\n\t\t\t\t\t\t\t\t\t<ul><li>Gabriq entrega exclusivamente a los siguientes <strong> pa\u00edses europeos: <\/strong>Pa\u00edses Bajos, B\u00e9lgica, <p>Alemania, Francia, Austria, Espa\u00f1a, Italia, Reino Unido, Polonia, Portugal, Suecia, Dinamarca y Rep\u00fablica Checa.<\/p><\/li><li>Los costes de env\u00edo dependen del pa\u00eds de destino y se muestran <strong>claramente antes del pago<\/strong>.<\/li><li>Los pedidos suelen procesarse y enviarse en <strong>un plazo de 1 a 3 d\u00edas laborables<\/strong>.<\/li><li>Los tiempos de entrega son indicativos; los retrasos causados por las compa\u00f1\u00edas (por ejemplo, PostNL, DHL o DPD) <strong>no son atribuibles a Gabriq<\/strong>.<\/li><li>Gabriq no se <strong>hace responsable<\/strong> de p\u00e9rdidas, da\u00f1os o retrasos que ocurran durante el transporte por terceros.<\/li><\/ul>\t\t\t\t\t\t\t\t<\/div>\n\t\t\t\t<\/div>\n\t\t\t\t\t<\/div>\n\t\t\t\t<\/div>\n\t\t<div class=\"elementor-element elementor-element-2d97355 e-flex e-con-boxed e-con e-parent\" data-id=\"2d97355\" data-element_type=\"container\" data-e-type=\"container\" data-settings=\"{&quot;background_background&quot;:&quot;classic&quot;}\">\n\t\t\t\t\t<div class=\"e-con-inner\">\n\t\t\t\t<div class=\"elementor-element elementor-element-5522963 elementor-widget elementor-widget-heading\" data-id=\"5522963\" data-element_type=\"widget\" data-e-type=\"widget\" data-widget_type=\"heading.default\">\n\t\t\t\t<div class=\"elementor-widget-container\">\n\t\t\t\t\t<h2 class=\"elementor-heading-title elementor-size-default\">2. Derecho de retirada<\/h2>\t\t\t\t<\/div>\n\t\t\t\t<\/div>\n\t\t\t\t<div class=\"elementor-element elementor-element-1093ef5 elementor-widget elementor-widget-text-editor\" data-id=\"1093ef5\" data-element_type=\"widget\" data-e-type=\"widget\" data-widget_type=\"text-editor.default\">\n\t\t\t\t<div class=\"elementor-widget-container\">\n\t\t\t\t\t\t\t\t\t<ul><li data-start=\"691\" data-end=\"810\"><p data-start=\"693\" data-end=\"810\">Los consumidores dentro de la UE tienen derecho a retirarse de un pedido en un plazo de 14 d\u00edas desde su recepci\u00f3n sin dar una raz\u00f3n.<\/p><\/li><li data-start=\"811\" data-end=\"1046\"><p data-start=\"813\" data-end=\"947\">Para ejercer este derecho, los consumidores deben notificar a Gabriq en un plazo de 14 d\u00edas tras su recepci\u00f3n mediante una declaraci\u00f3n inequ\u00edvoca. Esto se puede hacer a trav\u00e9s de: <\/p><ul data-start=\"950\" data-end=\"1046\"><li data-start=\"981\" data-end=\"1008\"><p data-start=\"983\" data-end=\"1008\">Correo electr\u00f3nico (<a class=\"decorated-link cursor-pointer\" rel=\"noopener\" data-start=\"990\" data-end=\"1005\">info@gabriq.com<\/a>)<\/p><\/li><\/ul><\/li><li data-start=\"1047\" data-end=\"1082\">Las devoluciones solo pueden solicitarse por correo electr\u00f3nico. Gabriq no utiliza un portal de devoluciones online. <\/li><li data-start=\"1047\" data-end=\"1082\"><p data-start=\"1049\" data-end=\"1082\">No se requiere ning\u00fan formulario de retirada.<\/p><\/li><li data-start=\"1083\" data-end=\"1156\"><p data-start=\"1085\" data-end=\"1156\">Tras notificar a Gabriq, los consumidores tienen 14 d\u00edas para devolver el producto<span style=\"font-style: inherit; letter-spacing: 0.8px; text-align: var(--text-align);\"> <\/span><\/p><\/li><\/ul>\t\t\t\t\t\t\t\t<\/div>\n\t\t\t\t<\/div>\n\t\t\t\t\t<\/div>\n\t\t\t\t<\/div>\n\t\t<div class=\"elementor-element elementor-element-f3f98f9 e-flex e-con-boxed e-con e-parent\" data-id=\"f3f98f9\" data-element_type=\"container\" data-e-type=\"container\" data-settings=\"{&quot;background_background&quot;:&quot;classic&quot;}\">\n\t\t\t\t\t<div class=\"e-con-inner\">\n\t\t\t\t<div class=\"elementor-element elementor-element-7f32b14 elementor-widget elementor-widget-heading\" data-id=\"7f32b14\" data-element_type=\"widget\" data-e-type=\"widget\" data-widget_type=\"heading.default\">\n\t\t\t\t<div class=\"elementor-widget-container\">\n\t\t\t\t\t<h2 class=\"elementor-heading-title elementor-size-default\">3. Condiciones de devoluci\u00f3n<\/h2>\t\t\t\t<\/div>\n\t\t\t\t<\/div>\n\t\t\t\t<div class=\"elementor-element elementor-element-5f6889a elementor-widget elementor-widget-text-editor\" data-id=\"5f6889a\" data-element_type=\"widget\" data-e-type=\"widget\" data-widget_type=\"text-editor.default\">\n\t\t\t\t<div class=\"elementor-widget-container\">\n\t\t\t\t\t\t\t\t\t<ul><li data-start=\"1539\" data-end=\"1600\"><p data-start=\"1541\" data-end=\"1600\">Los consumidores pueden inspeccionar el producto como en una tienda f\u00edsica.<\/p><\/li><li data-start=\"1601\" data-end=\"1729\"><p data-start=\"1603\" data-end=\"1729\">La inspecci\u00f3n se limita a lo razonablemente necesario para evaluar la naturaleza, las caracter\u00edsticas y el funcionamiento del producto.<\/p><\/li><li data-start=\"1730\" data-end=\"1909\"><p data-start=\"1732\" data-end=\"1909\">Retirar sellos protectores, envoltorios pl\u00e1sticos, sellos de higiene o cualquier otro sellado original destinado a evitar su uso o preservar el valor de reventa se considera un uso m\u00e1s all\u00e1 de la inspecci\u00f3n.<\/p><\/li><li data-start=\"1910\" data-end=\"2042\"><p data-start=\"1912\" data-end=\"1943\">Gabriq se reserva el derecho a:<\/p><ul data-start=\"1946\" data-end=\"2042\"><li data-start=\"1946\" data-end=\"1983\"><p data-start=\"1948\" data-end=\"1983\">Deduce cualquier depreciaci\u00f3n resultante<\/p><\/li><li data-start=\"1986\" data-end=\"2042\"><p data-start=\"1988\" data-end=\"2042\">Rechaza un reembolso completo si no se cumplen las condiciones anteriores<\/p><\/li><\/ul><\/li><li>Al solicitar una devoluci\u00f3n, los consumidores deben proporcionar su n\u00famero de pedido y un motivo claro de la devoluci\u00f3n. Gabriq puede solicitar informaci\u00f3n adicional o fotos si es necesario para evaluar el estado del producto. <\/li><\/ul>\t\t\t\t\t\t\t\t<\/div>\n\t\t\t\t<\/div>\n\t\t\t\t\t<\/div>\n\t\t\t\t<\/div>\n\t\t<div class=\"elementor-element elementor-element-86f3dc5 e-flex e-con-boxed e-con e-parent\" data-id=\"86f3dc5\" data-element_type=\"container\" data-e-type=\"container\" data-settings=\"{&quot;background_background&quot;:&quot;classic&quot;}\">\n\t\t\t\t\t<div class=\"e-con-inner\">\n\t\t\t\t<div class=\"elementor-element elementor-element-459fb3a elementor-widget elementor-widget-heading\" data-id=\"459fb3a\" data-element_type=\"widget\" data-e-type=\"widget\" data-widget_type=\"heading.default\">\n\t\t\t\t<div class=\"elementor-widget-container\">\n\t\t\t\t\t<h2 class=\"elementor-heading-title elementor-size-default\">4. Procedimiento de devoluci\u00f3n<\/h2>\t\t\t\t<\/div>\n\t\t\t\t<\/div>\n\t\t\t\t<div class=\"elementor-element elementor-element-5de2413 elementor-widget elementor-widget-text-editor\" data-id=\"5de2413\" data-element_type=\"widget\" data-e-type=\"widget\" data-widget_type=\"text-editor.default\">\n\t\t\t\t<div class=\"elementor-widget-container\">\n\t\t\t\t\t\t\t\t\t<ul><li data-start=\"2573\" data-end=\"2676\"><p data-start=\"2575\" data-end=\"2606\">Las devoluciones solo pueden solicitarse contactando con Gabriq por correo electr\u00f3nico (info@gabriq.com).<\/p><\/li><li data-start=\"2573\" data-end=\"2676\">Al solicitar una devoluci\u00f3n, los consumidores deben incluir su n\u00famero de pedido y el motivo de la devoluci\u00f3n en su correo electr\u00f3nico.<\/li><li data-start=\"2794\" data-end=\"2894\"><p data-start=\"2796\" data-end=\"2894\">Tras la aprobaci\u00f3n de la solicitud de devoluci\u00f3n, Gabriq crear\u00e1 una etiqueta de env\u00edo de devoluci\u00f3n y la enviar\u00e1 al consumidor por correo electr\u00f3nico.<\/p><\/li><li data-start=\"2895\" data-end=\"2985\"><p data-start=\"2897\" data-end=\"2985\">Los costes de env\u00edo de devoluci\u00f3n son responsabilidad del consumidor, salvo que se acuerde lo contrario. Si una devoluci\u00f3n es consecuencia de un producto da\u00f1ado, un defecto de fabricaci\u00f3n o un art\u00edculo entregado incorrectamente, Gabriq cubrir\u00e1 los costes de env\u00edo de la devoluci\u00f3n. <\/p><\/li><\/ul>\t\t\t\t\t\t\t\t<\/div>\n\t\t\t\t<\/div>\n\t\t\t\t\t<\/div>\n\t\t\t\t<\/div>\n\t\t<div class=\"elementor-element elementor-element-e2bdec4 e-flex e-con-boxed e-con e-parent\" data-id=\"e2bdec4\" data-element_type=\"container\" data-e-type=\"container\" data-settings=\"{&quot;background_background&quot;:&quot;classic&quot;}\">\n\t\t\t\t\t<div class=\"e-con-inner\">\n\t\t\t\t<div class=\"elementor-element elementor-element-2e03c93 elementor-widget elementor-widget-heading\" data-id=\"2e03c93\" data-element_type=\"widget\" data-e-type=\"widget\" data-widget_type=\"heading.default\">\n\t\t\t\t<div class=\"elementor-widget-container\">\n\t\t\t\t\t<h2 class=\"elementor-heading-title elementor-size-default\">5. Reembolsos<\/h2>\t\t\t\t<\/div>\n\t\t\t\t<\/div>\n\t\t\t\t<div class=\"elementor-element elementor-element-9047a6b elementor-widget elementor-widget-text-editor\" data-id=\"9047a6b\" data-element_type=\"widget\" data-e-type=\"widget\" data-widget_type=\"text-editor.default\">\n\t\t\t\t<div class=\"elementor-widget-container\">\n\t\t\t\t\t\t\t\t\t<ul><li data-start=\"3445\" data-end=\"3609\"><p data-start=\"3447\" data-end=\"3609\">Los reembolsos se emitir\u00e1n en un plazo de 14 d\u00edas tras recibir e inspeccionar el producto devuelto, sujeto a las condiciones descritas en nuestros <a style=\"font-size: 16px;\" href=\"https:\/\/gabriq.com\/es\/terminos-y-condiciones\/\"><strong>T\u00e9rminos y Condiciones.<\/strong><\/a><\/p><\/li><li data-start=\"3610\" data-end=\"3667\"><p data-start=\"3612\" data-end=\"3667\">Los reembolsos se realizar\u00e1n mediante el m\u00e9todo de pago original.<\/p><\/li><li data-start=\"3668\" data-end=\"3751\"><p data-start=\"3670\" data-end=\"3751\">Los costes originales de env\u00edo no son reembolsables, a menos que el pedido completo sea cancelado debido a un error cometido por Gabriq.<\/p><\/li><\/ul>\t\t\t\t\t\t\t\t<\/div>\n\t\t\t\t<\/div>\n\t\t\t\t\t<\/div>\n\t\t\t\t<\/div>\n\t\t<div class=\"elementor-element elementor-element-984a988 e-flex e-con-boxed e-con e-parent\" data-id=\"984a988\" data-element_type=\"container\" data-e-type=\"container\" data-settings=\"{&quot;background_background&quot;:&quot;classic&quot;}\">\n\t\t\t\t\t<div class=\"e-con-inner\">\n\t\t\t\t<div class=\"elementor-element elementor-element-a2d4ee2 elementor-widget elementor-widget-heading\" data-id=\"a2d4ee2\" data-element_type=\"widget\" data-e-type=\"widget\" data-widget_type=\"heading.default\">\n\t\t\t\t<div class=\"elementor-widget-container\">\n\t\t\t\t\t<h2 class=\"elementor-heading-title elementor-size-default\">6. Garant\u00eda<\/h2>\t\t\t\t<\/div>\n\t\t\t\t<\/div>\n\t\t\t\t<div class=\"elementor-element elementor-element-9e2ec58 elementor-widget elementor-widget-text-editor\" data-id=\"9e2ec58\" data-element_type=\"widget\" data-e-type=\"widget\" data-widget_type=\"text-editor.default\">\n\t\t\t\t<div class=\"elementor-widget-container\">\n\t\t\t\t\t\t\t\t\t<ul><li>Para informaci\u00f3n sobre la garant\u00eda, consulte nuestros <strong><a style=\"font-size: 16px;\" href=\"https:\/\/gabriq.com\/es\/terminos-y-condiciones\/\">T\u00e9rminos y Condiciones.<\/a><\/strong><\/li><\/ul>\t\t\t\t\t\t\t\t<\/div>\n\t\t\t\t<\/div>\n\t\t\t\t\t<\/div>\n\t\t\t\t<\/div>\n\t\t<div class=\"elementor-element elementor-element-d4ea160 e-flex e-con-boxed e-con e-parent\" data-id=\"d4ea160\" data-element_type=\"container\" data-e-type=\"container\" data-settings=\"{&quot;background_background&quot;:&quot;classic&quot;}\">\n\t\t\t\t\t<div class=\"e-con-inner\">\n\t\t\t\t<div class=\"elementor-element elementor-element-56a11b1 elementor-widget elementor-widget-heading\" data-id=\"56a11b1\" data-element_type=\"widget\" data-e-type=\"widget\" data-widget_type=\"heading.default\">\n\t\t\t\t<div class=\"elementor-widget-container\">\n\t\t\t\t\t<h2 class=\"elementor-heading-title elementor-size-default\">7. Contacto<\/h2>\t\t\t\t<\/div>\n\t\t\t\t<\/div>\n\t\t\t\t<div class=\"elementor-element elementor-element-cda99c9 elementor-widget elementor-widget-text-editor\" data-id=\"cda99c9\" data-element_type=\"widget\" data-e-type=\"widget\" data-widget_type=\"text-editor.default\">\n\t\t\t\t<div class=\"elementor-widget-container\">\n\t\t\t\t\t\t\t\t\t<ul><li>\u00bfPreguntas o problemas relacionados con una declaraci\u00f3n? Contacta con nosotros en <a href=\"mailto:info@gabriq.com\"><strong>info@gabriq.com<\/strong><\/a>. <\/li><\/ul>\t\t\t\t\t\t\t\t<\/div>\n\t\t\t\t<\/div>\n\t\t\t\t\t<\/div>\n\t\t\t\t<\/div>\n\t\t<div class=\"elementor-element elementor-element-391c8ea e-flex e-con-boxed e-con e-parent\" data-id=\"391c8ea\" data-element_type=\"container\" data-e-type=\"container\" data-settings=\"{&quot;background_background&quot;:&quot;classic&quot;}\">\n\t\t\t\t\t<div class=\"e-con-inner\">\n\t\t\t\t<div class=\"elementor-element elementor-element-53a1586 elementor-widget elementor-widget-text-editor\" data-id=\"53a1586\" data-element_type=\"widget\" data-e-type=\"widget\" data-widget_type=\"text-editor.default\">\n\t\t\t\t<div class=\"elementor-widget-container\">\n\t\t\t\t\t\t\t\t\t<p><strong>\u00daltima actualizaci\u00f3n:<\/strong> 26 de enero de 2026<\/p><p><strong>Informaci\u00f3n de la empresa:<\/strong><br>Gabriq V.O.F.<br>Meerstraat 22, 5552 JE Valkenswaard, Pa\u00edses Bajos<br>KVK: 98661353<br>IVA: NL868589536B01<br>Correo electr\u00f3nico: <a href=\"mailto:info@gabriq.com\">info@gabriq.com<\/a><\/p><p><strong>Gabriq. Donde la interpretaci\u00f3n se encuentra con el estilo. <\/strong><\/p>\t\t\t\t\t\t\t\t<\/div>\n\t\t\t\t<\/div>\n\t\t\t\t\t<\/div>\n\t\t\t\t<\/div>\n\t\t\t\t<\/div>\n\t\t","protected":false},"excerpt":{"rendered":"<p>Pol\u00edtica de env\u00edos y devoluciones 1. Entrega Gabriq entrega exclusivamente a los siguientes pa\u00edses europeos: Pa\u00edses Bajos, B\u00e9lgica, Alemania, Francia, Austria, Espa\u00f1a, Italia, Reino Unido, Polonia, Portugal, Suecia, Dinamarca y Rep\u00fablica Checa. Los costes de env\u00edo dependen del pa\u00eds de destino y se muestran claramente antes del pago. Los pedidos suelen procesarse y enviarse en [&hellip;]<\/p>\n","protected":false},"author":1,"featured_media":0,"parent":0,"menu_order":0,"comment_status":"closed","ping_status":"closed","template":"","meta":{"_acf_changed":false,"site-sidebar-layout":"no-sidebar","site-content-layout":"page-builder","ast-site-content-layout":"full-width-container","site-content-style":"default","site-sidebar-style":"default","ast-global-header-display":"","ast-banner-title-visibility":"","ast-main-header-display":"","ast-hfb-above-header-display":"","ast-hfb-below-header-display":"","ast-hfb-mobile-header-display":"","site-post-title":"disabled","ast-breadcrumbs-content":"","ast-featured-img":"disabled","footer-sml-layout":"","ast-disable-related-posts":"","theme-transparent-header-meta":"","adv-header-id-meta":"","stick-header-meta":"","header-above-stick-meta":"","header-main-stick-meta":"","header-below-stick-meta":"","astra-migrate-meta-layouts":"default","ast-page-background-enabled":"default","ast-page-background-meta":{"desktop":{"background-color":"var(--ast-global-color-4)","background-image":"","background-repeat":"repeat","background-position":"center center","background-size":"auto","background-attachment":"scroll","background-type":"","background-media":"","overlay-type":"","overlay-color":"","overlay-opacity":"","overlay-gradient":""},"tablet":{"background-color":"","background-image":"","background-repeat":"repeat","background-position":"center center","background-size":"auto","background-attachment":"scroll","background-type":"","background-media":"","overlay-type":"","overlay-color":"","overlay-opacity":"","overlay-gradient":""},"mobile":{"background-color":"","background-image":"","background-repeat":"repeat","background-position":"center center","background-size":"auto","background-attachment":"scroll","background-type":"","background-media":"","overlay-type":"","overlay-color":"","overlay-opacity":"","overlay-gradient":""}},"ast-content-background-meta":{"desktop":{"background-color":"var(--ast-global-color-5)","background-image":"","background-repeat":"repeat","background-position":"center center","background-size":"auto","background-attachment":"scroll","background-type":"","background-media":"","overlay-type":"","overlay-color":"","overlay-opacity":"","overlay-gradient":""},"tablet":{"background-color":"var(--ast-global-color-5)","background-image":"","background-repeat":"repeat","background-position":"center center","background-size":"auto","background-attachment":"scroll","background-type":"","background-media":"","overlay-type":"","overlay-color":"","overlay-opacity":"","overlay-gradient":""},"mobile":{"background-color":"var(--ast-global-color-5)","background-image":"","background-repeat":"repeat","background-position":"center center","background-size":"auto","background-attachment":"scroll","background-type":"","background-media":"","overlay-type":"","overlay-color":"","overlay-opacity":"","overlay-gradient":""}},"footnotes":""},"class_list":["post-6083","page","type-page","status-publish","hentry"],"acf":[],"jetpack_sharing_enabled":true,"_links":{"self":[{"href":"https:\/\/gabriq.com\/es\/wp-json\/wp\/v2\/pages\/6083","targetHints":{"allow":["GET"]}}],"collection":[{"href":"https:\/\/gabriq.com\/es\/wp-json\/wp\/v2\/pages"}],"about":[{"href":"https:\/\/gabriq.com\/es\/wp-json\/wp\/v2\/types\/page"}],"author":[{"embeddable":true,"href":"https:\/\/gabriq.com\/es\/wp-json\/wp\/v2\/users\/1"}],"replies":[{"embeddable":true,"href":"https:\/\/gabriq.com\/es\/wp-json\/wp\/v2\/comments?post=6083"}],"version-history":[{"count":3,"href":"https:\/\/gabriq.com\/es\/wp-json\/wp\/v2\/pages\/6083\/revisions"}],"predecessor-version":[{"id":7383,"href":"https:\/\/gabriq.com\/es\/wp-json\/wp\/v2\/pages\/6083\/revisions\/7383"}],"wp:attachment":[{"href":"https:\/\/gabriq.com\/es\/wp-json\/wp\/v2\/media?parent=6083"}],"curies":[{"name":"wp","href":"https:\/\/api.w.org\/{rel}","templated":true}]}}