{"id":6106,"date":"2025-11-08T11:51:38","date_gmt":"2025-11-08T10:51:38","guid":{"rendered":"https:\/\/gabriq.com\/product\/elvone-hybrid-pro\/"},"modified":"2026-01-29T03:09:19","modified_gmt":"2026-01-29T02:09:19","slug":"elvone-hybrid-pro","status":"publish","type":"product","link":"https:\/\/gabriq.com\/es\/producto\/elvone-hybrid-pro\/","title":{"rendered":"Elvone Hybrid Pro"},"content":{"rendered":"","protected":false},"excerpt":{"rendered":"<p><span class=\"NormalTextRun SCXW96074957 BCX0\">Para<\/span><span class=\"NormalTextRun SCXW96074957 BCX0\"> <\/span><span class=\"NormalTextRun SCXW96074957 BCX0\">los jugadores<\/span><span class=\"NormalTextRun SCXW96074957 BCX0\"> <\/span><span class=\"NormalTextRun SCXW96074957 BCX0\">que<\/span><span class=\"NormalTextRun SCXW96074957 BCX0\"> quieren <\/span><span class=\"NormalTextRun SCXW96074957 BCX0\"><span class=\"NormalTextRun SCXW96074957 BCX0\"> dominar <\/span><span class=\"NormalTextRun SCXW96074957 BCX0\">cada<\/span><span class=\"NormalTextRun SCXW96074957 BCX0\"> rinc\u00f3n de <\/span><span class=\"NormalTextRun SCXW96074957 BCX0\">la<\/span><span class=\"NormalTextRun SCXW96074957 BCX0\"> pista, <\/span><span class=\"NormalTextRun SCXW96074957 BCX0\">el<\/span><\/span><span class=\"NormalTextRun SCXW96074957 BCX0\"> <\/span><span class=\"NormalTextRun SpellingErrorV2Themed SCXW96074957 BCX0\">Elvone<\/span><span class=\"NormalTextRun SCXW96074957 BCX0\"> <\/span><span class=\"NormalTextRun SCXW96074957 BCX0\">Hybrid<\/span><span class=\"NormalTextRun SCXW96074957 BCX0\"> Pro est\u00e1 <\/span><span class=\"NormalTextRun SCXW96074957 BCX0\">dise\u00f1ado<\/span><span class=\"NormalTextRun SCXW96074957 BCX0\"> <\/span><span class=\"NormalTextRun SCXW96074957 BCX0\">para<\/span><span class=\"NormalTextRun SCXW96074957 BCX0\"> <\/span><span class=\"NormalTextRun SCXW96074957 BCX0\">aquellos<\/span><span class=\"NormalTextRun SCXW96074957 BCX0\"> <\/span><span class=\"NormalTextRun SCXW96074957 BCX0\">Qui\u00e9n<\/span><span class=\"NormalTextRun SCXW96074957 BCX0\"> <\/span><span class=\"NormalTextRun SCXW96074957 BCX0\">Valor<\/span><span class=\"NormalTextRun SCXW96074957 BCX0\"> <\/span><span class=\"NormalTextRun SCXW96074957 BCX0\">Equilibrio<\/span><span class=\"NormalTextRun SCXW96074957 BCX0\">, <\/span><span class=\"NormalTextRun SCXW96074957 BCX0\">precisi\u00f3n<\/span><span class=\"NormalTextRun SCXW96074957 BCX0\"> <\/span><span class=\"NormalTextRun SCXW96074957 BCX0\">y<\/span><span class=\"NormalTextRun SCXW96074957 BCX0\"> <\/span><span class=\"NormalTextRun SCXW96074957 BCX0\"><span class=\"NormalTextRun SCXW96074957 BCX0\"> Estilo en <\/span><span class=\"NormalTextRun SCXW96074957 BCX0\">cada<\/span><span class=\"NormalTextRun SCXW96074957 BCX0\"> rally. <\/span><\/span> <\/p>\n<p>&nbsp;<\/p>\n<p><span data-contrast=\"auto\">Con su forma de l\u00e1grima, chasis de carbono 3K y superficie 3D texturizada, el Elvone Hybrid Pro ofrece potencia controlada y una sensaci\u00f3n excepcional. Cada disparo, ya sea defensivo o ofensivo, responde a tu intenci\u00f3n. Giro, precisi\u00f3n o velocidad, esta raqueta se adapta a tu juego.  <\/span><span data-ccp-props=\"{\"134233117\":false,\"134233118\":false,\"335559738\":240,\"335559739\":240}\"> <\/span><\/p>\n<p>&nbsp;<\/p>\n<p><span data-contrast=\"auto\">\u00c1gil y receptivo, apoya a jugadores polivalentes que quieren rendir con confianza en la pista. Cada detalle refleja la filosof\u00eda de Gabriq: Where Performance Meets Style<\/span><span data-contrast=\"auto\">. Esto es m\u00e1s que un negocio; Es una declaraci\u00f3n de ambici\u00f3n y refinamiento.<\/span><span data-ccp-props=\"{\"134233117\":false,\"134233118\":false,\"335559738\":240,\"335559739\":240}\"> <\/span><\/p>\n<p>&nbsp;<\/p>\n<p><span data-contrast=\"auto\">Tanto si elevas tu juego en la red como si defiendes desde la l\u00ednea de fondo, el Elvone Hybrid Pro te ayuda a tomar el control y jugar con confianza. Rise Above, cada punto, cada partida. <\/span><span data-ccp-props=\"{\"134233117\":false,\"134233118\":false,\"335559738\":240,\"335559739\":240}\"> <\/span><\/p>\n","protected":false},"featured_media":8455,"template":"","meta":{"_acf_changed":false,"site-sidebar-layout":"default","site-content-layout":"","ast-site-content-layout":"default","site-content-style":"default","site-sidebar-style":"default","ast-global-header-display":"","ast-banner-title-visibility":"","ast-main-header-display":"","ast-hfb-above-header-display":"","ast-hfb-below-header-display":"","ast-hfb-mobile-header-display":"","site-post-title":"","ast-breadcrumbs-content":"","ast-featured-img":"","footer-sml-layout":"","ast-disable-related-posts":"","theme-transparent-header-meta":"default","adv-header-id-meta":"","stick-header-meta":"","header-above-stick-meta":"","header-main-stick-meta":"","header-below-stick-meta":"","astra-migrate-meta-layouts":"default","ast-page-background-enabled":"default","ast-page-background-meta":{"desktop":{"background-color":"var(--ast-global-color-4)","background-image":"","background-repeat":"repeat","background-position":"center center","background-size":"auto","background-attachment":"scroll","background-type":"","background-media":"","overlay-type":"","overlay-color":"","overlay-opacity":"","overlay-gradient":""},"tablet":{"background-color":"","background-image":"","background-repeat":"repeat","background-position":"center center","background-size":"auto","background-attachment":"scroll","background-type":"","background-media":"","overlay-type":"","overlay-color":"","overlay-opacity":"","overlay-gradient":""},"mobile":{"background-color":"","background-image":"","background-repeat":"repeat","background-position":"center center","background-size":"auto","background-attachment":"scroll","background-type":"","background-media":"","overlay-type":"","overlay-color":"","overlay-opacity":"","overlay-gradient":""}},"ast-content-background-meta":{"desktop":{"background-color":"var(--ast-global-color-5)","background-image":"","background-repeat":"repeat","background-position":"center center","background-size":"auto","background-attachment":"scroll","background-type":"","background-media":"","overlay-type":"","overlay-color":"","overlay-opacity":"","overlay-gradient":""},"tablet":{"background-color":"var(--ast-global-color-5)","background-image":"","background-repeat":"repeat","background-position":"center center","background-size":"auto","background-attachment":"scroll","background-type":"","background-media":"","overlay-type":"","overlay-color":"","overlay-opacity":"","overlay-gradient":""},"mobile":{"background-color":"var(--ast-global-color-5)","background-image":"","background-repeat":"repeat","background-position":"center center","background-size":"auto","background-attachment":"scroll","background-type":"","background-media":"","overlay-type":"","overlay-color":"","overlay-opacity":"","overlay-gradient":""}}},"product_brand":[],"product_cat":[69,71,63,67],"product_tag":[],"class_list":{"0":"post-6106","1":"product","2":"type-product","3":"status-publish","4":"has-post-thumbnail","6":"product_cat-bestsellers","7":"product_cat-lagrima","8":"product_cat-nuevo","9":"product_cat-raquetas","10":"desktop-align-left","11":"tablet-align-left","12":"mobile-align-left","14":"first","15":"instock","16":"shipping-taxable","17":"purchasable","18":"product-type-simple"},"acf":[],"jetpack_sharing_enabled":true,"_links":{"self":[{"href":"https:\/\/gabriq.com\/es\/wp-json\/wp\/v2\/product\/6106","targetHints":{"allow":["GET"]}}],"collection":[{"href":"https:\/\/gabriq.com\/es\/wp-json\/wp\/v2\/product"}],"about":[{"href":"https:\/\/gabriq.com\/es\/wp-json\/wp\/v2\/types\/product"}],"wp:featuredmedia":[{"embeddable":true,"href":"https:\/\/gabriq.com\/es\/wp-json\/wp\/v2\/media\/8455"}],"wp:attachment":[{"href":"https:\/\/gabriq.com\/es\/wp-json\/wp\/v2\/media?parent=6106"}],"wp:term":[{"taxonomy":"product_brand","embeddable":true,"href":"https:\/\/gabriq.com\/es\/wp-json\/wp\/v2\/product_brand?post=6106"},{"taxonomy":"product_cat","embeddable":true,"href":"https:\/\/gabriq.com\/es\/wp-json\/wp\/v2\/product_cat?post=6106"},{"taxonomy":"product_tag","embeddable":true,"href":"https:\/\/gabriq.com\/es\/wp-json\/wp\/v2\/product_tag?post=6106"}],"curies":[{"name":"wp","href":"https:\/\/api.w.org\/{rel}","templated":true}]}}