{"id":6126,"date":"2025-11-08T11:50:42","date_gmt":"2025-11-08T10:50:42","guid":{"rendered":"https:\/\/gabriq.com\/product\/elvone-power-pro\/"},"modified":"2026-01-29T09:47:18","modified_gmt":"2026-01-29T08:47:18","slug":"elvone-power-pro","status":"publish","type":"product","link":"https:\/\/gabriq.com\/es\/producto\/elvone-power-pro\/","title":{"rendered":"Elvone Power Pro"},"content":{"rendered":"","protected":false},"excerpt":{"rendered":"<p><span class=\"NormalTextRun SCXW34229322 BCX0\">Para <\/span><span class=\"NormalTextRun SCXW34229322 BCX0\">jugadores<\/span><span class=\"NormalTextRun SCXW34229322 BCX0\"> <\/span><span class=\"NormalTextRun SCXW34229322 BCX0\">Qui\u00e9n<\/span><span class=\"NormalTextRun SCXW34229322 BCX0\"> <\/span><span class=\"NormalTextRun SCXW34229322 BCX0\">No<\/span><span class=\"NormalTextRun SCXW34229322 BCX0\"> <\/span><span class=\"NormalTextRun SCXW34229322 BCX0\">Espera<\/span><span class=\"NormalTextRun SCXW34229322 BCX0\"> <\/span><span class=\"NormalTextRun SCXW34229322 BCX0\">para<\/span><span class=\"NormalTextRun SCXW34229322 BCX0\"> <\/span><span class=\"NormalTextRun SCXW34229322 BCX0\">Oportunidades<\/span><span class=\"NormalTextRun SCXW34229322 BCX0\"> pero <\/span><span class=\"NormalTextRun SCXW34229322 BCX0\">crear<\/span><span class=\"NormalTextRun SCXW34229322 BCX0\"> <\/span><span class=\"NormalTextRun SCXW34229322 BCX0\">ellos<\/span><span class=\"NormalTextRun SCXW34229322 BCX0\">. El <\/span><span class=\"NormalTextRun SpellingErrorV2Themed SCXW34229322 BCX0\">Elvone<\/span><span class=\"NormalTextRun SCXW34229322 BCX0\"> Power Pro es <\/span><span class=\"NormalTextRun SCXW34229322 BCX0\">tu<\/span><span class=\"NormalTextRun SCXW34229322 BCX0\"> declaraci\u00f3n en <\/span><span class=\"NormalTextRun SCXW34229322 BCX0\">la<\/span><span class=\"NormalTextRun SCXW34229322 BCX0\"> pista, dise\u00f1ado <\/span><span class=\"NormalTextRun SCXW34229322 BCX0\">para<\/span><span class=\"NormalTextRun SCXW34229322 BCX0\"> <\/span><span class=\"NormalTextRun SCXW34229322 BCX0\">dominar<\/span><span class=\"NormalTextRun SCXW34229322 BCX0\"> <\/span><span class=\"NormalTextRun SCXW34229322 BCX0\">con<\/span><span class=\"NormalTextRun SCXW34229322 BCX0\"> <\/span><span class=\"NormalTextRun SCXW34229322 BCX0\"> Poder<\/span> <span class=\"NormalTextRun SCXW34229322 BCX0\">explosivo, <\/span><span class=\"NormalTextRun SCXW34229322 BCX0\">confort <\/span><span class=\"NormalTextRun SCXW34229322 BCX0\">y<\/span><span class=\"NormalTextRun SCXW34229322 BCX0\">defensa<\/span> <span class=\"NormalTextRun SCXW34229322 BCX0\"><\/span><span class=\"NormalTextRun SCXW34229322 BCX0\"> <\/span><span class=\"NormalTextRun SCXW34229322 BCX0\">innegable<\/span><span class=\"NormalTextRun SCXW34229322 BCX0\"> <\/span><span class=\"NormalTextRun SCXW34229322 BCX0\">estilo<\/span><span class=\"NormalTextRun SCXW34229322 BCX0\">.<\/span><\/p>\n<p>&nbsp;<\/p>\n<p><span data-contrast=\"auto\">Con su forma de diamante, superficie de carbono 12K y n\u00facleo medio EVA responsivo, <\/span><span data-contrast=\"none\">el Elvone Power Pro ofrece una potencia explosiva cuando lo necesitas, manteniendo la precisi\u00f3n y el control.<\/span><span data-contrast=\"auto\"> La textura 3D de la superficie mejora el agarre y el efecto, d\u00e1ndote control total sobre el rally.<\/span><span data-ccp-props=\"{\"134233117\":false,\"134233118\":false,\"335559738\":195,\"335559739\":195}\"> <\/span><\/p>\n<p>&nbsp;<\/p>\n<p><span data-contrast=\"none\">Esto es m\u00e1s que un negocio; encarna la filosof\u00eda de Gabriq: Donde la interpretaci\u00f3n se encuentra con el estilo. Dise\u00f1ado para jugadores ambiciosos que quieren jugar con confianza y lograr resultados, combinando un rendimiento de alto nivel con una elegancia natural, dentro y fuera de la pista. <\/span><span data-ccp-props=\"{\"134233117\":false,\"134233118\":false,\"335559738\":195,\"335559739\":195}\"> <\/span><\/p>\n","protected":false},"featured_media":6667,"template":"","meta":{"_acf_changed":false,"site-sidebar-layout":"default","site-content-layout":"","ast-site-content-layout":"default","site-content-style":"default","site-sidebar-style":"default","ast-global-header-display":"","ast-banner-title-visibility":"","ast-main-header-display":"","ast-hfb-above-header-display":"","ast-hfb-below-header-display":"","ast-hfb-mobile-header-display":"","site-post-title":"","ast-breadcrumbs-content":"","ast-featured-img":"","footer-sml-layout":"","ast-disable-related-posts":"","theme-transparent-header-meta":"default","adv-header-id-meta":"","stick-header-meta":"","header-above-stick-meta":"","header-main-stick-meta":"","header-below-stick-meta":"","astra-migrate-meta-layouts":"default","ast-page-background-enabled":"default","ast-page-background-meta":{"desktop":{"background-color":"var(--ast-global-color-4)","background-image":"","background-repeat":"repeat","background-position":"center center","background-size":"auto","background-attachment":"scroll","background-type":"","background-media":"","overlay-type":"","overlay-color":"","overlay-opacity":"","overlay-gradient":""},"tablet":{"background-color":"","background-image":"","background-repeat":"repeat","background-position":"center center","background-size":"auto","background-attachment":"scroll","background-type":"","background-media":"","overlay-type":"","overlay-color":"","overlay-opacity":"","overlay-gradient":""},"mobile":{"background-color":"","background-image":"","background-repeat":"repeat","background-position":"center center","background-size":"auto","background-attachment":"scroll","background-type":"","background-media":"","overlay-type":"","overlay-color":"","overlay-opacity":"","overlay-gradient":""}},"ast-content-background-meta":{"desktop":{"background-color":"var(--ast-global-color-5)","background-image":"","background-repeat":"repeat","background-position":"center center","background-size":"auto","background-attachment":"scroll","background-type":"","background-media":"","overlay-type":"","overlay-color":"","overlay-opacity":"","overlay-gradient":""},"tablet":{"background-color":"var(--ast-global-color-5)","background-image":"","background-repeat":"repeat","background-position":"center center","background-size":"auto","background-attachment":"scroll","background-type":"","background-media":"","overlay-type":"","overlay-color":"","overlay-opacity":"","overlay-gradient":""},"mobile":{"background-color":"var(--ast-global-color-5)","background-image":"","background-repeat":"repeat","background-position":"center center","background-size":"auto","background-attachment":"scroll","background-type":"","background-media":"","overlay-type":"","overlay-color":"","overlay-opacity":"","overlay-gradient":""}}},"product_brand":[],"product_cat":[69,77,63,67],"product_tag":[],"class_list":{"0":"post-6126","1":"product","2":"type-product","3":"status-publish","4":"has-post-thumbnail","6":"product_cat-bestsellers","7":"product_cat-diamante","8":"product_cat-nuevo","9":"product_cat-raquetas","10":"desktop-align-left","11":"tablet-align-left","12":"mobile-align-left","14":"first","15":"instock","16":"shipping-taxable","17":"purchasable","18":"product-type-simple"},"acf":[],"jetpack_sharing_enabled":true,"_links":{"self":[{"href":"https:\/\/gabriq.com\/es\/wp-json\/wp\/v2\/product\/6126","targetHints":{"allow":["GET"]}}],"collection":[{"href":"https:\/\/gabriq.com\/es\/wp-json\/wp\/v2\/product"}],"about":[{"href":"https:\/\/gabriq.com\/es\/wp-json\/wp\/v2\/types\/product"}],"wp:featuredmedia":[{"embeddable":true,"href":"https:\/\/gabriq.com\/es\/wp-json\/wp\/v2\/media\/6667"}],"wp:attachment":[{"href":"https:\/\/gabriq.com\/es\/wp-json\/wp\/v2\/media?parent=6126"}],"wp:term":[{"taxonomy":"product_brand","embeddable":true,"href":"https:\/\/gabriq.com\/es\/wp-json\/wp\/v2\/product_brand?post=6126"},{"taxonomy":"product_cat","embeddable":true,"href":"https:\/\/gabriq.com\/es\/wp-json\/wp\/v2\/product_cat?post=6126"},{"taxonomy":"product_tag","embeddable":true,"href":"https:\/\/gabriq.com\/es\/wp-json\/wp\/v2\/product_tag?post=6126"}],"curies":[{"name":"wp","href":"https:\/\/api.w.org\/{rel}","templated":true}]}}