{"id":6138,"date":"2025-12-15T20:22:35","date_gmt":"2025-12-15T20:22:35","guid":{"rendered":"https:\/\/gabriq.com\/product\/camiseta-de-actuacion-negra\/"},"modified":"2025-12-15T20:22:35","modified_gmt":"2025-12-15T20:22:35","slug":"camiseta-de-actuacion-negra","status":"publish","type":"product","link":"https:\/\/gabriq.com\/es\/producto\/camiseta-de-actuacion-negra\/","title":{"rendered":"Camiseta de actuaci\u00f3n negra"},"content":{"rendered":"","protected":false},"excerpt":{"rendered":"<p><span class=\"NormalTextRun SCXW131818503 BCX0\">Para <\/span><span class=\"NormalTextRun SCXW131818503 BCX0\">jugadores<\/span><span class=\"NormalTextRun SCXW131818503 BCX0\"> <\/span><span class=\"NormalTextRun SCXW131818503 BCX0\">que<\/span><span class=\"NormalTextRun SCXW131818503 BCX0\"> se mueven <\/span><span class=\"NormalTextRun SCXW131818503 BCX0\">r\u00e1pido<\/span><span class=\"NormalTextRun SCXW131818503 BCX0\">, <\/span><span class=\"NormalTextRun SCXW131818503 BCX0\">juegan<\/span><span class=\"NormalTextRun SCXW131818503 BCX0\"> duro <\/span><span class=\"NormalTextRun SCXW131818503 BCX0\">y<\/span><span class=\"NormalTextRun SCXW131818503 BCX0\"> nunca <\/span><span class=\"NormalTextRun SCXW131818503 BCX0\">ceden<\/span><span class=\"NormalTextRun SCXW131818503 BCX0\"> el <\/span><span class=\"NormalTextRun SCXW131818503 BCX0\">estilo<\/span><span class=\"NormalTextRun SCXW131818503 BCX0\">. El <\/span> La <span class=\"NormalTextRun SCXW131818503 BCX0\"> camiseta Gabriq Performance combina <\/span><span class=\"NormalTextRun SpellingErrorV2Themed SCXW131818503 BCX0\"><span class=\"NormalTextRun SCXW131818503 BCX0\">libertad<\/span> <span class=\"NormalTextRun SCXW131818503 BCX0\">y <\/span><span class=\"NormalTextRun ContextualSpellingAndGrammarErrorV2Themed SCXW131818503 BCX0\">comodidad<\/span><\/span><span class=\"NormalTextRun SCXW131818503 BCX0\"> <\/span><span class=\"NormalTextRun SCXW131818503 BCX0\">y<\/span><span class=\"NormalTextRun SCXW131818503 BCX0\"> <\/span><span class=\"NormalTextRun SCXW131818503 BCX0\">elegancia<\/span><span class=\"NormalTextRun SCXW131818503 BCX0\"> en <\/span><span class=\"NormalTextRun SCXW131818503 BCX0\">cada<\/span><span class=\"NormalTextRun SCXW131818503 BCX0\"> movimiento.<\/span><\/p>\n<p>&nbsp;<\/p>\n<p><span data-contrast=\"auto\">Elaborada con un 90% poli\u00e9ster y un 10% elastano, esta camiseta ligera y transpirable te mantiene fresco durante rallies intensos. Sus propiedades de secado r\u00e1pido hacen que est\u00e9 listo para cualquier sesi\u00f3n de entrenamiento o partido, mientras que el tejido el\u00e1stico se mueve de forma natural con tu cuerpo. <\/span><span data-ccp-props=\"{\"134233117\":false,\"134233118\":false,\"335559738\":240,\"335559739\":240}\"> <\/span><\/p>\n<p>&nbsp;<\/p>\n<p><span data-contrast=\"auto\">El Sporty Fit es ligeramente sobredimensionado para un aspecto moderno, sin limitar la velocidad ni la agilidad. Tanto dentro como fuera de la pista, la camiseta Gabriq Performance refleja tu compromiso con el rendimiento y el estilo. Los detalles minimalistas refuerzan una est\u00e9tica limpia y segura que encaja con tu juego y tu estilo de vida.  <\/span><span data-ccp-props=\"{\"134233117\":false,\"134233118\":false,\"335559738\":240,\"335559739\":240}\"> <\/span><\/p>\n","protected":false},"featured_media":6653,"template":"","meta":{"_acf_changed":false,"site-sidebar-layout":"default","site-content-layout":"","ast-site-content-layout":"default","site-content-style":"default","site-sidebar-style":"default","ast-global-header-display":"","ast-banner-title-visibility":"","ast-main-header-display":"","ast-hfb-above-header-display":"","ast-hfb-below-header-display":"","ast-hfb-mobile-header-display":"","site-post-title":"","ast-breadcrumbs-content":"","ast-featured-img":"","footer-sml-layout":"","ast-disable-related-posts":"","theme-transparent-header-meta":"default","adv-header-id-meta":"","stick-header-meta":"","header-above-stick-meta":"","header-main-stick-meta":"","header-below-stick-meta":"","astra-migrate-meta-layouts":"default","ast-page-background-enabled":"default","ast-page-background-meta":{"desktop":{"background-color":"var(--ast-global-color-4)","background-image":"","background-repeat":"repeat","background-position":"center center","background-size":"auto","background-attachment":"scroll","background-type":"","background-media":"","overlay-type":"","overlay-color":"","overlay-opacity":"","overlay-gradient":""},"tablet":{"background-color":"","background-image":"","background-repeat":"repeat","background-position":"center center","background-size":"auto","background-attachment":"scroll","background-type":"","background-media":"","overlay-type":"","overlay-color":"","overlay-opacity":"","overlay-gradient":""},"mobile":{"background-color":"","background-image":"","background-repeat":"repeat","background-position":"center center","background-size":"auto","background-attachment":"scroll","background-type":"","background-media":"","overlay-type":"","overlay-color":"","overlay-opacity":"","overlay-gradient":""}},"ast-content-background-meta":{"desktop":{"background-color":"var(--ast-global-color-5)","background-image":"","background-repeat":"repeat","background-position":"center center","background-size":"auto","background-attachment":"scroll","background-type":"","background-media":"","overlay-type":"","overlay-color":"","overlay-opacity":"","overlay-gradient":""},"tablet":{"background-color":"var(--ast-global-color-5)","background-image":"","background-repeat":"repeat","background-position":"center center","background-size":"auto","background-attachment":"scroll","background-type":"","background-media":"","overlay-type":"","overlay-color":"","overlay-opacity":"","overlay-gradient":""},"mobile":{"background-color":"var(--ast-global-color-5)","background-image":"","background-repeat":"repeat","background-position":"center center","background-size":"auto","background-attachment":"scroll","background-type":"","background-media":"","overlay-type":"","overlay-color":"","overlay-opacity":"","overlay-gradient":""}}},"product_brand":[],"product_cat":[79,63,75],"product_tag":[],"class_list":{"0":"post-6138","1":"product","2":"type-product","3":"status-publish","4":"has-post-thumbnail","6":"product_cat-camisetas","7":"product_cat-nuevo","8":"product_cat-ropa-deportiva","9":"desktop-align-left","10":"tablet-align-left","11":"mobile-align-left","13":"first","14":"instock","15":"shipping-taxable","16":"purchasable","17":"product-type-variable","18":"has-default-attributes"},"acf":[],"jetpack_sharing_enabled":true,"_links":{"self":[{"href":"https:\/\/gabriq.com\/es\/wp-json\/wp\/v2\/product\/6138","targetHints":{"allow":["GET"]}}],"collection":[{"href":"https:\/\/gabriq.com\/es\/wp-json\/wp\/v2\/product"}],"about":[{"href":"https:\/\/gabriq.com\/es\/wp-json\/wp\/v2\/types\/product"}],"wp:featuredmedia":[{"embeddable":true,"href":"https:\/\/gabriq.com\/es\/wp-json\/wp\/v2\/media\/6653"}],"wp:attachment":[{"href":"https:\/\/gabriq.com\/es\/wp-json\/wp\/v2\/media?parent=6138"}],"wp:term":[{"taxonomy":"product_brand","embeddable":true,"href":"https:\/\/gabriq.com\/es\/wp-json\/wp\/v2\/product_brand?post=6138"},{"taxonomy":"product_cat","embeddable":true,"href":"https:\/\/gabriq.com\/es\/wp-json\/wp\/v2\/product_cat?post=6138"},{"taxonomy":"product_tag","embeddable":true,"href":"https:\/\/gabriq.com\/es\/wp-json\/wp\/v2\/product_tag?post=6138"}],"curies":[{"name":"wp","href":"https:\/\/api.w.org\/{rel}","templated":true}]}}