{"id":6187,"date":"2025-12-15T20:25:03","date_gmt":"2025-12-15T20:25:03","guid":{"rendered":"https:\/\/gabriq.com\/product\/actuacion-short-black\/"},"modified":"2025-12-15T20:25:03","modified_gmt":"2025-12-15T20:25:03","slug":"actuacion-short-black","status":"publish","type":"product","link":"https:\/\/gabriq.com\/es\/producto\/actuacion-short-black\/","title":{"rendered":"Actuaci\u00f3n Short Black"},"content":{"rendered":"","protected":false},"excerpt":{"rendered":"<p><span data-contrast=\"auto\">Dise\u00f1ado para el rendimiento y el estilo, el Gabriq Performance Short combina un ajuste atl\u00e9tico con materiales avanzados. Fabricado con 84% poli\u00e9ster y 16% elastano, es ligero, transpirable y s\u00faper el\u00e1stico, proporcionando libertad natural en todas las direcciones. La tela de secado r\u00e1pido y absorbe la humedad te mantiene fresco y c\u00f3modo incluso durante los rallies m\u00e1s intensos.<\/span><span data-ccp-props=\"{\"134233117\":false,\"134233118\":false,\"335559738\":240,\"335559739\":240}\"> <\/span><\/p>\n<p><span data-contrast=\"auto\">El ajuste deportivo se sit\u00faa justo por encima de la rodilla y ce\u00f1e las piernas para una silueta moderna y atl\u00e9tica. La cinturilla el\u00e1stica con un sutil elasticismo garantiza un ajuste seguro y c\u00f3modo, mientras que los pr\u00e1cticos bolsillos laterales ofrecen espacio para pelotas o peque\u00f1os imprescindibles. Ya sea entrenando, compitiendo o disfrutando de momentos deportivos informales, este corto apoya cada parte de tu juego.<\/span><span data-ccp-props=\"{\"134233117\":false,\"134233118\":false,\"335559738\":240,\"335559739\":240}\"> <\/span><\/p>\n","protected":false},"featured_media":6647,"template":"","meta":{"_acf_changed":false,"site-sidebar-layout":"default","site-content-layout":"","ast-site-content-layout":"default","site-content-style":"default","site-sidebar-style":"default","ast-global-header-display":"","ast-banner-title-visibility":"","ast-main-header-display":"","ast-hfb-above-header-display":"","ast-hfb-below-header-display":"","ast-hfb-mobile-header-display":"","site-post-title":"","ast-breadcrumbs-content":"","ast-featured-img":"","footer-sml-layout":"","ast-disable-related-posts":"","theme-transparent-header-meta":"default","adv-header-id-meta":"","stick-header-meta":"","header-above-stick-meta":"","header-main-stick-meta":"","header-below-stick-meta":"","astra-migrate-meta-layouts":"default","ast-page-background-enabled":"default","ast-page-background-meta":{"desktop":{"background-color":"var(--ast-global-color-4)","background-image":"","background-repeat":"repeat","background-position":"center center","background-size":"auto","background-attachment":"scroll","background-type":"","background-media":"","overlay-type":"","overlay-color":"","overlay-opacity":"","overlay-gradient":""},"tablet":{"background-color":"","background-image":"","background-repeat":"repeat","background-position":"center center","background-size":"auto","background-attachment":"scroll","background-type":"","background-media":"","overlay-type":"","overlay-color":"","overlay-opacity":"","overlay-gradient":""},"mobile":{"background-color":"","background-image":"","background-repeat":"repeat","background-position":"center center","background-size":"auto","background-attachment":"scroll","background-type":"","background-media":"","overlay-type":"","overlay-color":"","overlay-opacity":"","overlay-gradient":""}},"ast-content-background-meta":{"desktop":{"background-color":"var(--ast-global-color-5)","background-image":"","background-repeat":"repeat","background-position":"center center","background-size":"auto","background-attachment":"scroll","background-type":"","background-media":"","overlay-type":"","overlay-color":"","overlay-opacity":"","overlay-gradient":""},"tablet":{"background-color":"var(--ast-global-color-5)","background-image":"","background-repeat":"repeat","background-position":"center center","background-size":"auto","background-attachment":"scroll","background-type":"","background-media":"","overlay-type":"","overlay-color":"","overlay-opacity":"","overlay-gradient":""},"mobile":{"background-color":"var(--ast-global-color-5)","background-image":"","background-repeat":"repeat","background-position":"center center","background-size":"auto","background-attachment":"scroll","background-type":"","background-media":"","overlay-type":"","overlay-color":"","overlay-opacity":"","overlay-gradient":""}}},"product_brand":[],"product_cat":[76,63,75],"product_tag":[],"class_list":{"0":"post-6187","1":"product","2":"type-product","3":"status-publish","4":"has-post-thumbnail","6":"product_cat-cortos","7":"product_cat-nuevo","8":"product_cat-ropa-deportiva","9":"desktop-align-left","10":"tablet-align-left","11":"mobile-align-left","13":"first","14":"instock","15":"shipping-taxable","16":"purchasable","17":"product-type-variable","18":"has-default-attributes"},"acf":[],"jetpack_sharing_enabled":true,"_links":{"self":[{"href":"https:\/\/gabriq.com\/es\/wp-json\/wp\/v2\/product\/6187","targetHints":{"allow":["GET"]}}],"collection":[{"href":"https:\/\/gabriq.com\/es\/wp-json\/wp\/v2\/product"}],"about":[{"href":"https:\/\/gabriq.com\/es\/wp-json\/wp\/v2\/types\/product"}],"wp:featuredmedia":[{"embeddable":true,"href":"https:\/\/gabriq.com\/es\/wp-json\/wp\/v2\/media\/6647"}],"wp:attachment":[{"href":"https:\/\/gabriq.com\/es\/wp-json\/wp\/v2\/media?parent=6187"}],"wp:term":[{"taxonomy":"product_brand","embeddable":true,"href":"https:\/\/gabriq.com\/es\/wp-json\/wp\/v2\/product_brand?post=6187"},{"taxonomy":"product_cat","embeddable":true,"href":"https:\/\/gabriq.com\/es\/wp-json\/wp\/v2\/product_cat?post=6187"},{"taxonomy":"product_tag","embeddable":true,"href":"https:\/\/gabriq.com\/es\/wp-json\/wp\/v2\/product_tag?post=6187"}],"curies":[{"name":"wp","href":"https:\/\/api.w.org\/{rel}","templated":true}]}}