{"id":8507,"date":"2025-12-15T20:44:26","date_gmt":"2025-12-15T20:44:26","guid":{"rendered":"https:\/\/gabriq.com\/product\/combi-deal-white\/"},"modified":"2026-04-30T15:11:47","modified_gmt":"2026-04-30T13:11:47","slug":"combi-deal-white","status":"publish","type":"product","link":"https:\/\/gabriq.com\/es\/producto\/combi-deal-white\/","title":{"rendered":"Combi Deal White"},"content":{"rendered":"","protected":false},"excerpt":{"rendered":"<p data-start=\"276\" data-end=\"455\">El Gabriq Performance Set combina nuestra camiseta Performance y Performance Short en un solo conjunto completo y moderno de padel, dise\u00f1ado para la libertad de movimiento, la comodidad y el estilo.<\/p>\n<p data-start=\"457\" data-end=\"736\">Ambas prendas son ligeras, transpirables, el\u00e1sticas y de secado r\u00e1pido, manteni\u00e9ndote fresco y c\u00f3modo durante rallies intensos. La camiseta presenta un corte deportivo y ligeramente sobredimensionado, mientras que la corta, queda justo por encima de la rodilla, con un ajuste seguro y atl\u00e9tico y bolsillos laterales pr\u00e1cticos.<\/p>\n<p data-start=\"738\" data-end=\"857\">Un dise\u00f1o minimalista y materiales premium hacen que este conjunto sea perfecto tanto en la pista como m\u00e1s all\u00e1.<\/p>\n","protected":false},"featured_media":6633,"template":"","meta":{"_acf_changed":false,"site-sidebar-layout":"default","site-content-layout":"","ast-site-content-layout":"default","site-content-style":"default","site-sidebar-style":"default","ast-global-header-display":"","ast-banner-title-visibility":"","ast-main-header-display":"","ast-hfb-above-header-display":"","ast-hfb-below-header-display":"","ast-hfb-mobile-header-display":"","site-post-title":"","ast-breadcrumbs-content":"","ast-featured-img":"","footer-sml-layout":"","ast-disable-related-posts":"","theme-transparent-header-meta":"default","adv-header-id-meta":"","stick-header-meta":"","header-above-stick-meta":"","header-main-stick-meta":"","header-below-stick-meta":"","astra-migrate-meta-layouts":"set","ast-page-background-enabled":"default","ast-page-background-meta":{"desktop":{"background-color":"var(--ast-global-color-4)","background-image":"","background-repeat":"repeat","background-position":"center center","background-size":"auto","background-attachment":"scroll","background-type":"","background-media":"","overlay-type":"","overlay-color":"","overlay-opacity":"","overlay-gradient":""},"tablet":{"background-color":"","background-image":"","background-repeat":"repeat","background-position":"center center","background-size":"auto","background-attachment":"scroll","background-type":"","background-media":"","overlay-type":"","overlay-color":"","overlay-opacity":"","overlay-gradient":""},"mobile":{"background-color":"","background-image":"","background-repeat":"repeat","background-position":"center center","background-size":"auto","background-attachment":"scroll","background-type":"","background-media":"","overlay-type":"","overlay-color":"","overlay-opacity":"","overlay-gradient":""}},"ast-content-background-meta":{"desktop":{"background-color":"var(--ast-global-color-5)","background-image":"","background-repeat":"repeat","background-position":"center center","background-size":"auto","background-attachment":"scroll","background-type":"","background-media":"","overlay-type":"","overlay-color":"","overlay-opacity":"","overlay-gradient":""},"tablet":{"background-color":"var(--ast-global-color-5)","background-image":"","background-repeat":"repeat","background-position":"center center","background-size":"auto","background-attachment":"scroll","background-type":"","background-media":"","overlay-type":"","overlay-color":"","overlay-opacity":"","overlay-gradient":""},"mobile":{"background-color":"var(--ast-global-color-5)","background-image":"","background-repeat":"repeat","background-position":"center center","background-size":"auto","background-attachment":"scroll","background-type":"","background-media":"","overlay-type":"","overlay-color":"","overlay-opacity":"","overlay-gradient":""}}},"product_brand":[],"product_cat":[86,69,79,76,63,75],"product_tag":[],"class_list":{"0":"post-8507","1":"product","2":"type-product","3":"status-publish","4":"has-post-thumbnail","6":"product_cat-acuerdos","7":"product_cat-bestsellers","8":"product_cat-camisetas","9":"product_cat-cortos","10":"product_cat-nuevo","11":"product_cat-ropa-deportiva","12":"desktop-align-left","13":"tablet-align-left","14":"mobile-align-left","16":"first","17":"instock","18":"sale","19":"shipping-taxable","20":"purchasable","21":"product-type-composite"},"acf":[],"yoast_head":"<!-- This site is optimized with the Yoast SEO plugin v27.5 - https:\/\/yoast.com\/product\/yoast-seo-wordpress\/ -->\n<title>Combi Deal White - Gabriq<\/title>\n<meta name=\"robots\" content=\"index, follow, max-snippet:-1, max-image-preview:large, max-video-preview:-1\" \/>\n<link rel=\"canonical\" href=\"https:\/\/gabriq.com\/es\/producto\/combi-deal-white\/\" \/>\n<meta property=\"og:locale\" content=\"es_ES\" \/>\n<meta property=\"og:type\" content=\"article\" \/>\n<meta property=\"og:title\" content=\"Combi Deal White - Gabriq\" \/>\n<meta property=\"og:description\" content=\"El Gabriq Performance Set combina nuestra camiseta Performance y Performance Short en un solo conjunto completo y moderno de padel, dise\u00f1ado para la libertad de movimiento, la comodidad y el estilo. Ambas prendas son ligeras, transpirables, el\u00e1sticas y de secado r\u00e1pido, manteni\u00e9ndote fresco y c\u00f3modo durante rallies intensos. La camiseta presenta un corte deportivo y ligeramente sobredimensionado, mientras que la corta, queda justo por encima de la rodilla, con un ajuste seguro y atl\u00e9tico y bolsillos laterales pr\u00e1cticos. Un dise\u00f1o minimalista y materiales premium hacen que este conjunto sea perfecto tanto en la pista como m\u00e1s all\u00e1.\" \/>\n<meta property=\"og:url\" content=\"https:\/\/gabriq.com\/es\/producto\/combi-deal-white\/\" \/>\n<meta property=\"og:site_name\" content=\"Gabriq\" \/>\n<meta property=\"article:modified_time\" content=\"2026-04-30T13:11:47+00:00\" \/>\n<meta property=\"og:image\" content=\"https:\/\/gabriq.com\/wp-content\/uploads\/2025\/12\/COM-001.png\" \/>\n\t<meta property=\"og:image:width\" content=\"2000\" \/>\n\t<meta property=\"og:image:height\" content=\"2000\" \/>\n\t<meta property=\"og:image:type\" content=\"image\/png\" \/>\n<meta name=\"twitter:card\" content=\"summary_large_image\" \/>\n<script type=\"application\/ld+json\" class=\"yoast-schema-graph\">{\"@context\":\"https:\\\/\\\/schema.org\",\"@graph\":[{\"@type\":\"WebPage\",\"@id\":\"https:\\\/\\\/gabriq.com\\\/es\\\/producto\\\/combi-deal-white\\\/\",\"url\":\"https:\\\/\\\/gabriq.com\\\/es\\\/producto\\\/combi-deal-white\\\/\",\"name\":\"Combi Deal White - Gabriq\",\"isPartOf\":{\"@id\":\"https:\\\/\\\/gabriq.com\\\/#website\"},\"primaryImageOfPage\":{\"@id\":\"https:\\\/\\\/gabriq.com\\\/es\\\/producto\\\/combi-deal-white\\\/#primaryimage\"},\"image\":{\"@id\":\"https:\\\/\\\/gabriq.com\\\/es\\\/producto\\\/combi-deal-white\\\/#primaryimage\"},\"thumbnailUrl\":\"https:\\\/\\\/gabriq.com\\\/wp-content\\\/uploads\\\/2025\\\/12\\\/COM-001.png\",\"datePublished\":\"2025-12-15T20:44:26+00:00\",\"dateModified\":\"2026-04-30T13:11:47+00:00\",\"breadcrumb\":{\"@id\":\"https:\\\/\\\/gabriq.com\\\/es\\\/producto\\\/combi-deal-white\\\/#breadcrumb\"},\"inLanguage\":\"es\",\"potentialAction\":[{\"@type\":\"ReadAction\",\"target\":[\"https:\\\/\\\/gabriq.com\\\/es\\\/producto\\\/combi-deal-white\\\/\"]}]},{\"@type\":\"ImageObject\",\"inLanguage\":\"es\",\"@id\":\"https:\\\/\\\/gabriq.com\\\/es\\\/producto\\\/combi-deal-white\\\/#primaryimage\",\"url\":\"https:\\\/\\\/gabriq.com\\\/wp-content\\\/uploads\\\/2025\\\/12\\\/COM-001.png\",\"contentUrl\":\"https:\\\/\\\/gabriq.com\\\/wp-content\\\/uploads\\\/2025\\\/12\\\/COM-001.png\",\"width\":2000,\"height\":2000,\"caption\":\"Vista frontal del conjunto blanco de combi de Gabriq, incluyendo camiseta y pantalones cortos, ofreciendo comodidad y estilo a los deportistas.\"},{\"@type\":\"BreadcrumbList\",\"@id\":\"https:\\\/\\\/gabriq.com\\\/es\\\/producto\\\/combi-deal-white\\\/#breadcrumb\",\"itemListElement\":[{\"@type\":\"ListItem\",\"position\":1,\"name\":\"Home\",\"item\":\"https:\\\/\\\/gabriq.com\\\/es\\\/test-home\\\/\"},{\"@type\":\"ListItem\",\"position\":2,\"name\":\"Products\",\"item\":\"https:\\\/\\\/gabriq.com\\\/shop\\\/\"},{\"@type\":\"ListItem\",\"position\":3,\"name\":\"Combi Deal White\"}]},{\"@type\":\"WebSite\",\"@id\":\"https:\\\/\\\/gabriq.com\\\/#website\",\"url\":\"https:\\\/\\\/gabriq.com\\\/\",\"name\":\"Gabriq\",\"description\":\"Where Performance Meets Style\",\"publisher\":{\"@id\":\"https:\\\/\\\/gabriq.com\\\/#organization\"},\"potentialAction\":[{\"@type\":\"SearchAction\",\"target\":{\"@type\":\"EntryPoint\",\"urlTemplate\":\"https:\\\/\\\/gabriq.com\\\/?s={search_term_string}\"},\"query-input\":{\"@type\":\"PropertyValueSpecification\",\"valueRequired\":true,\"valueName\":\"search_term_string\"}}],\"inLanguage\":\"es\"},{\"@type\":\"Organization\",\"@id\":\"https:\\\/\\\/gabriq.com\\\/#organization\",\"name\":\"Gabriq\",\"url\":\"https:\\\/\\\/gabriq.com\\\/\",\"logo\":{\"@type\":\"ImageObject\",\"inLanguage\":\"es\",\"@id\":\"https:\\\/\\\/gabriq.com\\\/#\\\/schema\\\/logo\\\/image\\\/\",\"url\":\"https:\\\/\\\/gabriq.com\\\/wp-content\\\/uploads\\\/2025\\\/09\\\/Untitled-design-2.png\",\"contentUrl\":\"https:\\\/\\\/gabriq.com\\\/wp-content\\\/uploads\\\/2025\\\/09\\\/Untitled-design-2.png\",\"width\":400,\"height\":250,\"caption\":\"Gabriq\"},\"image\":{\"@id\":\"https:\\\/\\\/gabriq.com\\\/#\\\/schema\\\/logo\\\/image\\\/\"}}]}<\/script>\n<!-- \/ Yoast SEO plugin. -->","yoast_head_json":{"title":"Combi Deal White - Gabriq","robots":{"index":"index","follow":"follow","max-snippet":"max-snippet:-1","max-image-preview":"max-image-preview:large","max-video-preview":"max-video-preview:-1"},"canonical":"https:\/\/gabriq.com\/es\/producto\/combi-deal-white\/","og_locale":"es_ES","og_type":"article","og_title":"Combi Deal White - Gabriq","og_description":"El Gabriq Performance Set combina nuestra camiseta Performance y Performance Short en un solo conjunto completo y moderno de padel, dise\u00f1ado para la libertad de movimiento, la comodidad y el estilo. Ambas prendas son ligeras, transpirables, el\u00e1sticas y de secado r\u00e1pido, manteni\u00e9ndote fresco y c\u00f3modo durante rallies intensos. La camiseta presenta un corte deportivo y ligeramente sobredimensionado, mientras que la corta, queda justo por encima de la rodilla, con un ajuste seguro y atl\u00e9tico y bolsillos laterales pr\u00e1cticos. Un dise\u00f1o minimalista y materiales premium hacen que este conjunto sea perfecto tanto en la pista como m\u00e1s all\u00e1.","og_url":"https:\/\/gabriq.com\/es\/producto\/combi-deal-white\/","og_site_name":"Gabriq","article_modified_time":"2026-04-30T13:11:47+00:00","og_image":[{"width":2000,"height":2000,"url":"https:\/\/gabriq.com\/wp-content\/uploads\/2025\/12\/COM-001.png","type":"image\/png"}],"twitter_card":"summary_large_image","schema":{"@context":"https:\/\/schema.org","@graph":[{"@type":"WebPage","@id":"https:\/\/gabriq.com\/es\/producto\/combi-deal-white\/","url":"https:\/\/gabriq.com\/es\/producto\/combi-deal-white\/","name":"Combi Deal White - Gabriq","isPartOf":{"@id":"https:\/\/gabriq.com\/#website"},"primaryImageOfPage":{"@id":"https:\/\/gabriq.com\/es\/producto\/combi-deal-white\/#primaryimage"},"image":{"@id":"https:\/\/gabriq.com\/es\/producto\/combi-deal-white\/#primaryimage"},"thumbnailUrl":"https:\/\/gabriq.com\/wp-content\/uploads\/2025\/12\/COM-001.png","datePublished":"2025-12-15T20:44:26+00:00","dateModified":"2026-04-30T13:11:47+00:00","breadcrumb":{"@id":"https:\/\/gabriq.com\/es\/producto\/combi-deal-white\/#breadcrumb"},"inLanguage":"es","potentialAction":[{"@type":"ReadAction","target":["https:\/\/gabriq.com\/es\/producto\/combi-deal-white\/"]}]},{"@type":"ImageObject","inLanguage":"es","@id":"https:\/\/gabriq.com\/es\/producto\/combi-deal-white\/#primaryimage","url":"https:\/\/gabriq.com\/wp-content\/uploads\/2025\/12\/COM-001.png","contentUrl":"https:\/\/gabriq.com\/wp-content\/uploads\/2025\/12\/COM-001.png","width":2000,"height":2000,"caption":"Vista frontal del conjunto blanco de combi de Gabriq, incluyendo camiseta y pantalones cortos, ofreciendo comodidad y estilo a los deportistas."},{"@type":"BreadcrumbList","@id":"https:\/\/gabriq.com\/es\/producto\/combi-deal-white\/#breadcrumb","itemListElement":[{"@type":"ListItem","position":1,"name":"Home","item":"https:\/\/gabriq.com\/es\/test-home\/"},{"@type":"ListItem","position":2,"name":"Products","item":"https:\/\/gabriq.com\/shop\/"},{"@type":"ListItem","position":3,"name":"Combi Deal White"}]},{"@type":"WebSite","@id":"https:\/\/gabriq.com\/#website","url":"https:\/\/gabriq.com\/","name":"Gabriq","description":"Where Performance Meets Style","publisher":{"@id":"https:\/\/gabriq.com\/#organization"},"potentialAction":[{"@type":"SearchAction","target":{"@type":"EntryPoint","urlTemplate":"https:\/\/gabriq.com\/?s={search_term_string}"},"query-input":{"@type":"PropertyValueSpecification","valueRequired":true,"valueName":"search_term_string"}}],"inLanguage":"es"},{"@type":"Organization","@id":"https:\/\/gabriq.com\/#organization","name":"Gabriq","url":"https:\/\/gabriq.com\/","logo":{"@type":"ImageObject","inLanguage":"es","@id":"https:\/\/gabriq.com\/#\/schema\/logo\/image\/","url":"https:\/\/gabriq.com\/wp-content\/uploads\/2025\/09\/Untitled-design-2.png","contentUrl":"https:\/\/gabriq.com\/wp-content\/uploads\/2025\/09\/Untitled-design-2.png","width":400,"height":250,"caption":"Gabriq"},"image":{"@id":"https:\/\/gabriq.com\/#\/schema\/logo\/image\/"}}]}},"jetpack_sharing_enabled":true,"_links":{"self":[{"href":"https:\/\/gabriq.com\/es\/wp-json\/wp\/v2\/product\/8507","targetHints":{"allow":["GET"]}}],"collection":[{"href":"https:\/\/gabriq.com\/es\/wp-json\/wp\/v2\/product"}],"about":[{"href":"https:\/\/gabriq.com\/es\/wp-json\/wp\/v2\/types\/product"}],"wp:featuredmedia":[{"embeddable":true,"href":"https:\/\/gabriq.com\/es\/wp-json\/wp\/v2\/media\/6633"}],"wp:attachment":[{"href":"https:\/\/gabriq.com\/es\/wp-json\/wp\/v2\/media?parent=8507"}],"wp:term":[{"taxonomy":"product_brand","embeddable":true,"href":"https:\/\/gabriq.com\/es\/wp-json\/wp\/v2\/product_brand?post=8507"},{"taxonomy":"product_cat","embeddable":true,"href":"https:\/\/gabriq.com\/es\/wp-json\/wp\/v2\/product_cat?post=8507"},{"taxonomy":"product_tag","embeddable":true,"href":"https:\/\/gabriq.com\/es\/wp-json\/wp\/v2\/product_tag?post=8507"}],"curies":[{"name":"wp","href":"https:\/\/api.w.org\/{rel}","templated":true}]}}