{"id":8564,"date":"2025-12-18T14:24:10","date_gmt":"2025-12-18T14:24:10","guid":{"rendered":"https:\/\/gabriq.com\/product\/empunadura-performance-3-pack-blanco\/"},"modified":"2026-04-30T13:41:32","modified_gmt":"2026-04-30T11:41:32","slug":"empunadura-performance-3-pack-blanco","status":"publish","type":"product","link":"https:\/\/gabriq.com\/es\/producto\/empunadura-performance-3-pack-blanco\/","title":{"rendered":"Empu\u00f1adura Performance 3-Pack Blanco"},"content":{"rendered":"","protected":false},"excerpt":{"rendered":"<p><span data-contrast=\"none\">Para los jugadores que quieren sentir cada golpe y mantener el control. El Gabriq Performance Grip est\u00e1 dise\u00f1ado para ofrecer el m\u00e1ximo control sin sacrificar la comodidad. Su textura extra pegajosa garantiza una sujeci\u00f3n segura y segura incluso durante los intercambios m\u00e1s intensos. El material transpirable y absorbente del sudor mantiene las manos secas, punto tras punto. <\/span><\/p>\n<p>&nbsp;<\/p>\n<p><span data-contrast=\"auto\">Cada golpe comienza con confianza. Nuestro agarre te da el control y la seguridad que necesitas para rendir. Porque el rendimiento superior empieza con la confianza, y eso empieza con tu agarre. <\/span><\/p>\n<p>&nbsp;<\/p>\n<p><span data-contrast=\"none\">Disponible en <\/span><b><span data-contrast=\"none\">pack de 3 y 9<\/span><\/b><span data-contrast=\"none\">, en <\/span><b><span data-contrast=\"none\">blanco<\/span><\/b><span data-contrast=\"none\"> o <\/span><b> negro<span data-contrast=\"none\">.<\/span><\/b><b> <\/b><\/p>\n","protected":false},"featured_media":6657,"template":"","meta":{"_acf_changed":false,"site-sidebar-layout":"default","site-content-layout":"","ast-site-content-layout":"default","site-content-style":"default","site-sidebar-style":"default","ast-global-header-display":"","ast-banner-title-visibility":"","ast-main-header-display":"","ast-hfb-above-header-display":"","ast-hfb-below-header-display":"","ast-hfb-mobile-header-display":"","site-post-title":"","ast-breadcrumbs-content":"","ast-featured-img":"","footer-sml-layout":"","ast-disable-related-posts":"","theme-transparent-header-meta":"default","adv-header-id-meta":"","stick-header-meta":"","header-above-stick-meta":"","header-main-stick-meta":"","header-below-stick-meta":"","astra-migrate-meta-layouts":"set","ast-page-background-enabled":"default","ast-page-background-meta":{"desktop":{"background-color":"var(--ast-global-color-4)","background-image":"","background-repeat":"repeat","background-position":"center center","background-size":"auto","background-attachment":"scroll","background-type":"","background-media":"","overlay-type":"","overlay-color":"","overlay-opacity":"","overlay-gradient":""},"tablet":{"background-color":"","background-image":"","background-repeat":"repeat","background-position":"center center","background-size":"auto","background-attachment":"scroll","background-type":"","background-media":"","overlay-type":"","overlay-color":"","overlay-opacity":"","overlay-gradient":""},"mobile":{"background-color":"","background-image":"","background-repeat":"repeat","background-position":"center center","background-size":"auto","background-attachment":"scroll","background-type":"","background-media":"","overlay-type":"","overlay-color":"","overlay-opacity":"","overlay-gradient":""}},"ast-content-background-meta":{"desktop":{"background-color":"var(--ast-global-color-5)","background-image":"","background-repeat":"repeat","background-position":"center center","background-size":"auto","background-attachment":"scroll","background-type":"","background-media":"","overlay-type":"","overlay-color":"","overlay-opacity":"","overlay-gradient":""},"tablet":{"background-color":"var(--ast-global-color-5)","background-image":"","background-repeat":"repeat","background-position":"center center","background-size":"auto","background-attachment":"scroll","background-type":"","background-media":"","overlay-type":"","overlay-color":"","overlay-opacity":"","overlay-gradient":""},"mobile":{"background-color":"var(--ast-global-color-5)","background-image":"","background-repeat":"repeat","background-position":"center center","background-size":"auto","background-attachment":"scroll","background-type":"","background-media":"","overlay-type":"","overlay-color":"","overlay-opacity":"","overlay-gradient":""}}},"product_brand":[],"product_cat":[61,86,88,63],"product_tag":[],"class_list":{"0":"post-8564","1":"product","2":"type-product","3":"status-publish","4":"has-post-thumbnail","6":"product_cat-accesorios","7":"product_cat-acuerdos","8":"product_cat-empunaduras","9":"product_cat-nuevo","10":"desktop-align-left","11":"tablet-align-left","12":"mobile-align-left","14":"first","15":"instock","16":"sale","17":"shipping-taxable","18":"purchasable","19":"product-type-woosb"},"acf":[],"yoast_head":"<!-- This site is optimized with the Yoast SEO plugin v27.5 - https:\/\/yoast.com\/product\/yoast-seo-wordpress\/ -->\n<title>Empu\u00f1adura Performance 3-Pack Blanco - Gabriq<\/title>\n<meta name=\"robots\" content=\"index, follow, max-snippet:-1, max-image-preview:large, max-video-preview:-1\" \/>\n<link rel=\"canonical\" href=\"https:\/\/gabriq.com\/es\/producto\/empunadura-performance-3-pack-blanco\/\" \/>\n<meta property=\"og:locale\" content=\"es_ES\" \/>\n<meta property=\"og:type\" content=\"article\" \/>\n<meta property=\"og:title\" content=\"Empu\u00f1adura Performance 3-Pack Blanco - Gabriq\" \/>\n<meta property=\"og:description\" content=\"Para los jugadores que quieren sentir cada golpe y mantener el control. El Gabriq Performance Grip est\u00e1 dise\u00f1ado para ofrecer el m\u00e1ximo control sin sacrificar la comodidad. Su textura extra pegajosa garantiza una sujeci\u00f3n segura y segura incluso durante los intercambios m\u00e1s intensos. El material transpirable y absorbente del sudor mantiene las manos secas, punto tras punto.   &nbsp;  Cada golpe comienza con confianza. Nuestro agarre te da el control y la seguridad que necesitas para rendir. Porque el rendimiento superior empieza con la confianza, y eso empieza con tu agarre.   &nbsp;  Disponible en pack de 3 y 9, en blanco o negro.\" \/>\n<meta property=\"og:url\" content=\"https:\/\/gabriq.com\/es\/producto\/empunadura-performance-3-pack-blanco\/\" \/>\n<meta property=\"og:site_name\" content=\"Gabriq\" \/>\n<meta property=\"article:modified_time\" content=\"2026-04-30T11:41:32+00:00\" \/>\n<meta property=\"og:image\" content=\"https:\/\/gabriq.com\/wp-content\/uploads\/2025\/12\/GRP-001-3-pack.png\" \/>\n\t<meta property=\"og:image:width\" content=\"2000\" \/>\n\t<meta property=\"og:image:height\" content=\"2000\" \/>\n\t<meta property=\"og:image:type\" content=\"image\/png\" \/>\n<meta name=\"twitter:card\" content=\"summary_large_image\" \/>\n<script type=\"application\/ld+json\" class=\"yoast-schema-graph\">{\"@context\":\"https:\\\/\\\/schema.org\",\"@graph\":[{\"@type\":\"WebPage\",\"@id\":\"https:\\\/\\\/gabriq.com\\\/es\\\/producto\\\/empunadura-performance-3-pack-blanco\\\/\",\"url\":\"https:\\\/\\\/gabriq.com\\\/es\\\/producto\\\/empunadura-performance-3-pack-blanco\\\/\",\"name\":\"Empu\u00f1adura Performance 3-Pack Blanco - Gabriq\",\"isPartOf\":{\"@id\":\"https:\\\/\\\/gabriq.com\\\/#website\"},\"primaryImageOfPage\":{\"@id\":\"https:\\\/\\\/gabriq.com\\\/es\\\/producto\\\/empunadura-performance-3-pack-blanco\\\/#primaryimage\"},\"image\":{\"@id\":\"https:\\\/\\\/gabriq.com\\\/es\\\/producto\\\/empunadura-performance-3-pack-blanco\\\/#primaryimage\"},\"thumbnailUrl\":\"https:\\\/\\\/gabriq.com\\\/wp-content\\\/uploads\\\/2025\\\/12\\\/GRP-001-3-pack.png\",\"datePublished\":\"2025-12-18T14:24:10+00:00\",\"dateModified\":\"2026-04-30T11:41:32+00:00\",\"breadcrumb\":{\"@id\":\"https:\\\/\\\/gabriq.com\\\/es\\\/producto\\\/empunadura-performance-3-pack-blanco\\\/#breadcrumb\"},\"inLanguage\":\"es\",\"potentialAction\":[{\"@type\":\"ReadAction\",\"target\":[\"https:\\\/\\\/gabriq.com\\\/es\\\/producto\\\/empunadura-performance-3-pack-blanco\\\/\"]}]},{\"@type\":\"ImageObject\",\"inLanguage\":\"es\",\"@id\":\"https:\\\/\\\/gabriq.com\\\/es\\\/producto\\\/empunadura-performance-3-pack-blanco\\\/#primaryimage\",\"url\":\"https:\\\/\\\/gabriq.com\\\/wp-content\\\/uploads\\\/2025\\\/12\\\/GRP-001-3-pack.png\",\"contentUrl\":\"https:\\\/\\\/gabriq.com\\\/wp-content\\\/uploads\\\/2025\\\/12\\\/GRP-001-3-pack.png\",\"width\":2000,\"height\":2000,\"caption\":\"Pack de tres empu\u00f1aduras Gabriq white, que ofrecen un toque extra pegajoso para mejorar el agarre y una comodidad duradera en tu raqueta.\"},{\"@type\":\"BreadcrumbList\",\"@id\":\"https:\\\/\\\/gabriq.com\\\/es\\\/producto\\\/empunadura-performance-3-pack-blanco\\\/#breadcrumb\",\"itemListElement\":[{\"@type\":\"ListItem\",\"position\":1,\"name\":\"Home\",\"item\":\"https:\\\/\\\/gabriq.com\\\/es\\\/test-home\\\/\"},{\"@type\":\"ListItem\",\"position\":2,\"name\":\"Products\",\"item\":\"https:\\\/\\\/gabriq.com\\\/shop\\\/\"},{\"@type\":\"ListItem\",\"position\":3,\"name\":\"Empu\u00f1adura Performance 3-Pack Blanco\"}]},{\"@type\":\"WebSite\",\"@id\":\"https:\\\/\\\/gabriq.com\\\/#website\",\"url\":\"https:\\\/\\\/gabriq.com\\\/\",\"name\":\"Gabriq\",\"description\":\"Where Performance Meets Style\",\"publisher\":{\"@id\":\"https:\\\/\\\/gabriq.com\\\/#organization\"},\"potentialAction\":[{\"@type\":\"SearchAction\",\"target\":{\"@type\":\"EntryPoint\",\"urlTemplate\":\"https:\\\/\\\/gabriq.com\\\/?s={search_term_string}\"},\"query-input\":{\"@type\":\"PropertyValueSpecification\",\"valueRequired\":true,\"valueName\":\"search_term_string\"}}],\"inLanguage\":\"es\"},{\"@type\":\"Organization\",\"@id\":\"https:\\\/\\\/gabriq.com\\\/#organization\",\"name\":\"Gabriq\",\"url\":\"https:\\\/\\\/gabriq.com\\\/\",\"logo\":{\"@type\":\"ImageObject\",\"inLanguage\":\"es\",\"@id\":\"https:\\\/\\\/gabriq.com\\\/#\\\/schema\\\/logo\\\/image\\\/\",\"url\":\"https:\\\/\\\/gabriq.com\\\/wp-content\\\/uploads\\\/2025\\\/09\\\/Untitled-design-2.png\",\"contentUrl\":\"https:\\\/\\\/gabriq.com\\\/wp-content\\\/uploads\\\/2025\\\/09\\\/Untitled-design-2.png\",\"width\":400,\"height\":250,\"caption\":\"Gabriq\"},\"image\":{\"@id\":\"https:\\\/\\\/gabriq.com\\\/#\\\/schema\\\/logo\\\/image\\\/\"}}]}<\/script>\n<!-- \/ Yoast SEO plugin. -->","yoast_head_json":{"title":"Empu\u00f1adura Performance 3-Pack Blanco - Gabriq","robots":{"index":"index","follow":"follow","max-snippet":"max-snippet:-1","max-image-preview":"max-image-preview:large","max-video-preview":"max-video-preview:-1"},"canonical":"https:\/\/gabriq.com\/es\/producto\/empunadura-performance-3-pack-blanco\/","og_locale":"es_ES","og_type":"article","og_title":"Empu\u00f1adura Performance 3-Pack Blanco - Gabriq","og_description":"Para los jugadores que quieren sentir cada golpe y mantener el control. El Gabriq Performance Grip est\u00e1 dise\u00f1ado para ofrecer el m\u00e1ximo control sin sacrificar la comodidad. Su textura extra pegajosa garantiza una sujeci\u00f3n segura y segura incluso durante los intercambios m\u00e1s intensos. El material transpirable y absorbente del sudor mantiene las manos secas, punto tras punto.   &nbsp;  Cada golpe comienza con confianza. Nuestro agarre te da el control y la seguridad que necesitas para rendir. Porque el rendimiento superior empieza con la confianza, y eso empieza con tu agarre.   &nbsp;  Disponible en pack de 3 y 9, en blanco o negro.","og_url":"https:\/\/gabriq.com\/es\/producto\/empunadura-performance-3-pack-blanco\/","og_site_name":"Gabriq","article_modified_time":"2026-04-30T11:41:32+00:00","og_image":[{"width":2000,"height":2000,"url":"https:\/\/gabriq.com\/wp-content\/uploads\/2025\/12\/GRP-001-3-pack.png","type":"image\/png"}],"twitter_card":"summary_large_image","schema":{"@context":"https:\/\/schema.org","@graph":[{"@type":"WebPage","@id":"https:\/\/gabriq.com\/es\/producto\/empunadura-performance-3-pack-blanco\/","url":"https:\/\/gabriq.com\/es\/producto\/empunadura-performance-3-pack-blanco\/","name":"Empu\u00f1adura Performance 3-Pack Blanco - Gabriq","isPartOf":{"@id":"https:\/\/gabriq.com\/#website"},"primaryImageOfPage":{"@id":"https:\/\/gabriq.com\/es\/producto\/empunadura-performance-3-pack-blanco\/#primaryimage"},"image":{"@id":"https:\/\/gabriq.com\/es\/producto\/empunadura-performance-3-pack-blanco\/#primaryimage"},"thumbnailUrl":"https:\/\/gabriq.com\/wp-content\/uploads\/2025\/12\/GRP-001-3-pack.png","datePublished":"2025-12-18T14:24:10+00:00","dateModified":"2026-04-30T11:41:32+00:00","breadcrumb":{"@id":"https:\/\/gabriq.com\/es\/producto\/empunadura-performance-3-pack-blanco\/#breadcrumb"},"inLanguage":"es","potentialAction":[{"@type":"ReadAction","target":["https:\/\/gabriq.com\/es\/producto\/empunadura-performance-3-pack-blanco\/"]}]},{"@type":"ImageObject","inLanguage":"es","@id":"https:\/\/gabriq.com\/es\/producto\/empunadura-performance-3-pack-blanco\/#primaryimage","url":"https:\/\/gabriq.com\/wp-content\/uploads\/2025\/12\/GRP-001-3-pack.png","contentUrl":"https:\/\/gabriq.com\/wp-content\/uploads\/2025\/12\/GRP-001-3-pack.png","width":2000,"height":2000,"caption":"Pack de tres empu\u00f1aduras Gabriq white, que ofrecen un toque extra pegajoso para mejorar el agarre y una comodidad duradera en tu raqueta."},{"@type":"BreadcrumbList","@id":"https:\/\/gabriq.com\/es\/producto\/empunadura-performance-3-pack-blanco\/#breadcrumb","itemListElement":[{"@type":"ListItem","position":1,"name":"Home","item":"https:\/\/gabriq.com\/es\/test-home\/"},{"@type":"ListItem","position":2,"name":"Products","item":"https:\/\/gabriq.com\/shop\/"},{"@type":"ListItem","position":3,"name":"Empu\u00f1adura Performance 3-Pack Blanco"}]},{"@type":"WebSite","@id":"https:\/\/gabriq.com\/#website","url":"https:\/\/gabriq.com\/","name":"Gabriq","description":"Where Performance Meets Style","publisher":{"@id":"https:\/\/gabriq.com\/#organization"},"potentialAction":[{"@type":"SearchAction","target":{"@type":"EntryPoint","urlTemplate":"https:\/\/gabriq.com\/?s={search_term_string}"},"query-input":{"@type":"PropertyValueSpecification","valueRequired":true,"valueName":"search_term_string"}}],"inLanguage":"es"},{"@type":"Organization","@id":"https:\/\/gabriq.com\/#organization","name":"Gabriq","url":"https:\/\/gabriq.com\/","logo":{"@type":"ImageObject","inLanguage":"es","@id":"https:\/\/gabriq.com\/#\/schema\/logo\/image\/","url":"https:\/\/gabriq.com\/wp-content\/uploads\/2025\/09\/Untitled-design-2.png","contentUrl":"https:\/\/gabriq.com\/wp-content\/uploads\/2025\/09\/Untitled-design-2.png","width":400,"height":250,"caption":"Gabriq"},"image":{"@id":"https:\/\/gabriq.com\/#\/schema\/logo\/image\/"}}]}},"jetpack_sharing_enabled":true,"_links":{"self":[{"href":"https:\/\/gabriq.com\/es\/wp-json\/wp\/v2\/product\/8564","targetHints":{"allow":["GET"]}}],"collection":[{"href":"https:\/\/gabriq.com\/es\/wp-json\/wp\/v2\/product"}],"about":[{"href":"https:\/\/gabriq.com\/es\/wp-json\/wp\/v2\/types\/product"}],"wp:featuredmedia":[{"embeddable":true,"href":"https:\/\/gabriq.com\/es\/wp-json\/wp\/v2\/media\/6657"}],"wp:attachment":[{"href":"https:\/\/gabriq.com\/es\/wp-json\/wp\/v2\/media?parent=8564"}],"wp:term":[{"taxonomy":"product_brand","embeddable":true,"href":"https:\/\/gabriq.com\/es\/wp-json\/wp\/v2\/product_brand?post=8564"},{"taxonomy":"product_cat","embeddable":true,"href":"https:\/\/gabriq.com\/es\/wp-json\/wp\/v2\/product_cat?post=8564"},{"taxonomy":"product_tag","embeddable":true,"href":"https:\/\/gabriq.com\/es\/wp-json\/wp\/v2\/product_tag?post=8564"}],"curies":[{"name":"wp","href":"https:\/\/api.w.org\/{rel}","templated":true}]}}