{"id":6086,"date":"2025-12-05T11:09:40","date_gmt":"2025-12-05T10:09:40","guid":{"rendered":"https:\/\/gabriq.com\/retourbeleid\/"},"modified":"2026-01-26T15:12:19","modified_gmt":"2026-01-26T14:12:19","slug":"retourbeleid","status":"publish","type":"page","link":"https:\/\/gabriq.com\/nl\/retourbeleid\/","title":{"rendered":"Retourbeleid"},"content":{"rendered":"\t\t<div data-elementor-type=\"wp-page\" data-elementor-id=\"6086\" class=\"elementor elementor-6086 elementor-4370\" data-elementor-post-type=\"page\">\n\t\t\t\t<div class=\"elementor-element elementor-element-d7761c1 e-flex e-con-boxed e-con e-parent\" data-id=\"d7761c1\" data-element_type=\"container\" data-e-type=\"container\" data-settings=\"{&quot;background_background&quot;:&quot;classic&quot;}\">\n\t\t\t\t\t<div class=\"e-con-inner\">\n\t\t\t\t<div class=\"elementor-element elementor-element-77018f5 elementor-widget elementor-widget-heading\" data-id=\"77018f5\" data-element_type=\"widget\" data-e-type=\"widget\" data-widget_type=\"heading.default\">\n\t\t\t\t<div class=\"elementor-widget-container\">\n\t\t\t\t\t<h2 class=\"elementor-heading-title elementor-size-default\">Verzend- en retourbeleid<\/h2>\t\t\t\t<\/div>\n\t\t\t\t<\/div>\n\t\t\t\t\t<\/div>\n\t\t\t\t<\/div>\n\t\t<div class=\"elementor-element elementor-element-2478920 e-flex e-con-boxed e-con e-parent\" data-id=\"2478920\" data-element_type=\"container\" data-e-type=\"container\" data-settings=\"{&quot;background_background&quot;:&quot;classic&quot;}\">\n\t\t\t\t\t<div class=\"e-con-inner\">\n\t\t\t\t<div class=\"elementor-element elementor-element-8252684 elementor-widget elementor-widget-heading\" data-id=\"8252684\" data-element_type=\"widget\" data-e-type=\"widget\" data-widget_type=\"heading.default\">\n\t\t\t\t<div class=\"elementor-widget-container\">\n\t\t\t\t\t<h2 class=\"elementor-heading-title elementor-size-default\">1. Levering<\/h2>\t\t\t\t<\/div>\n\t\t\t\t<\/div>\n\t\t\t\t<div class=\"elementor-element elementor-element-cb8fc4d elementor-widget elementor-widget-text-editor\" data-id=\"cb8fc4d\" data-element_type=\"widget\" data-e-type=\"widget\" data-widget_type=\"text-editor.default\">\n\t\t\t\t<div class=\"elementor-widget-container\">\n\t\t\t\t\t\t\t\t\t<ul><li>Gabriq levert exclusief aan de volgende <strong> Europese landen: <\/strong>Nederland, Belgi\u00eb, <p>Duitsland, Frankrijk, Oostenrijk, Spanje, Itali\u00eb, Verenigd Koninkrijk, Polen, Portugal, Zweden, Denemarken en Tsjechi\u00eb.<\/p><\/li><li>De verzendkosten hangen af van het bestemmingsland en worden duidelijk <strong>weergegeven v\u00f3\u00f3r het afrekenen<\/strong>.<\/li><li>Bestellingen worden meestal verwerkt en binnen <strong>1\u20133 werkdagen<\/strong> verzonden.<\/li><li>Bezorgtijden zijn indicatief; vertragingen veroorzaakt door providers (bijv. PostNL, DHL of DPD) zijn <strong>niet toe te schrijven aan Gabriq<\/strong>.<\/li><li>Gabriq is <strong>niet aansprakelijk<\/strong> voor verlies, schade of vertragingen die optreden tijdens het transport door derden.<\/li><\/ul>\t\t\t\t\t\t\t\t<\/div>\n\t\t\t\t<\/div>\n\t\t\t\t\t<\/div>\n\t\t\t\t<\/div>\n\t\t<div class=\"elementor-element elementor-element-2d97355 e-flex e-con-boxed e-con e-parent\" data-id=\"2d97355\" data-element_type=\"container\" data-e-type=\"container\" data-settings=\"{&quot;background_background&quot;:&quot;classic&quot;}\">\n\t\t\t\t\t<div class=\"e-con-inner\">\n\t\t\t\t<div class=\"elementor-element elementor-element-5522963 elementor-widget elementor-widget-heading\" data-id=\"5522963\" data-element_type=\"widget\" data-e-type=\"widget\" data-widget_type=\"heading.default\">\n\t\t\t\t<div class=\"elementor-widget-container\">\n\t\t\t\t\t<h2 class=\"elementor-heading-title elementor-size-default\">2. Recht op terugtrekking<\/h2>\t\t\t\t<\/div>\n\t\t\t\t<\/div>\n\t\t\t\t<div class=\"elementor-element elementor-element-1093ef5 elementor-widget elementor-widget-text-editor\" data-id=\"1093ef5\" data-element_type=\"widget\" data-e-type=\"widget\" data-widget_type=\"text-editor.default\">\n\t\t\t\t<div class=\"elementor-widget-container\">\n\t\t\t\t\t\t\t\t\t<ul><li data-start=\"691\" data-end=\"810\"><p data-start=\"693\" data-end=\"810\">Consumenten binnen de EU hebben het recht om zich binnen 14 dagen na ontvangst terug te trekken van een bestelling zonder een reden.<\/p><\/li><li data-start=\"811\" data-end=\"1046\"><p data-start=\"813\" data-end=\"947\">Om van dit recht gebruik te maken, moeten consumenten Gabriq binnen 14 dagen na ontvangst op de hoogte stellen met een ondubbelzinnige verklaring. Dit kan worden gedaan via: <\/p><ul data-start=\"950\" data-end=\"1046\"><li data-start=\"981\" data-end=\"1008\"><p data-start=\"983\" data-end=\"1008\">E-mail (<a class=\"decorated-link cursor-pointer\" rel=\"noopener\" data-start=\"990\" data-end=\"1005\">info@gabriq.com<\/a>)<\/p><\/li><\/ul><\/li><li data-start=\"1047\" data-end=\"1082\">Retourneringen kunnen alleen per e-mail worden aangevraagd. Gabriq gebruikt geen online retourportaal. <\/li><li data-start=\"1047\" data-end=\"1082\"><p data-start=\"1049\" data-end=\"1082\">Een speciaal herroepingsformulier is niet verplicht.<\/p><\/li><li data-start=\"1083\" data-end=\"1156\"><p data-start=\"1085\" data-end=\"1156\">Na het informeren van Gabriq hebben consumenten 14 dagen om het product terug te sturen<span style=\"font-style: inherit; letter-spacing: 0.8px; text-align: var(--text-align);\"> <\/span><\/p><\/li><\/ul>\t\t\t\t\t\t\t\t<\/div>\n\t\t\t\t<\/div>\n\t\t\t\t\t<\/div>\n\t\t\t\t<\/div>\n\t\t<div class=\"elementor-element elementor-element-f3f98f9 e-flex e-con-boxed e-con e-parent\" data-id=\"f3f98f9\" data-element_type=\"container\" data-e-type=\"container\" data-settings=\"{&quot;background_background&quot;:&quot;classic&quot;}\">\n\t\t\t\t\t<div class=\"e-con-inner\">\n\t\t\t\t<div class=\"elementor-element elementor-element-7f32b14 elementor-widget elementor-widget-heading\" data-id=\"7f32b14\" data-element_type=\"widget\" data-e-type=\"widget\" data-widget_type=\"heading.default\">\n\t\t\t\t<div class=\"elementor-widget-container\">\n\t\t\t\t\t<h2 class=\"elementor-heading-title elementor-size-default\">3. Terugkeervoorwaarden<\/h2>\t\t\t\t<\/div>\n\t\t\t\t<\/div>\n\t\t\t\t<div class=\"elementor-element elementor-element-5f6889a elementor-widget elementor-widget-text-editor\" data-id=\"5f6889a\" data-element_type=\"widget\" data-e-type=\"widget\" data-widget_type=\"text-editor.default\">\n\t\t\t\t<div class=\"elementor-widget-container\">\n\t\t\t\t\t\t\t\t\t<ul><li data-start=\"1539\" data-end=\"1600\"><p data-start=\"1541\" data-end=\"1600\">Consumenten kunnen het product inspecteren zoals in een fysieke winkel.<\/p><\/li><li data-start=\"1601\" data-end=\"1729\"><p data-start=\"1603\" data-end=\"1729\">Inspectie is beperkt tot wat redelijkerwijs noodzakelijk is om de aard, kenmerken en werking van het product te beoordelen.<\/p><\/li><li data-start=\"1730\" data-end=\"1909\"><p data-start=\"1732\" data-end=\"1909\">Het verwijderen van beschermende afdichtingen, plasticfolie, hygi\u00ebnezegels of andere originele afdichtingen die bedoeld zijn om gebruik te voorkomen of de doorverkoopwaarde te behouden, wordt beschouwd als gebruik buiten inspectie.<\/p><\/li><li data-start=\"1910\" data-end=\"2042\"><p data-start=\"1912\" data-end=\"1943\">Gabriq behoudt zich het recht voor om:<\/p><ul data-start=\"1946\" data-end=\"2042\"><li data-start=\"1946\" data-end=\"1983\"><p data-start=\"1948\" data-end=\"1983\">Trek eventuele resulterende afschrijving af<\/p><\/li><li data-start=\"1986\" data-end=\"2042\"><p data-start=\"1988\" data-end=\"2042\">Weiger een volledige terugbetaling als bovenstaande voorwaarden niet worden nageleefd<\/p><\/li><\/ul><\/li><li>Bij het aanvragen van retour moeten consumenten hun bestelnummer en een duidelijke reden voor retour opgeven. Gabriq kan indien nodig aanvullende informatie of foto&#8217;s opvragen om de staat van het product te beoordelen. <\/li><\/ul>\t\t\t\t\t\t\t\t<\/div>\n\t\t\t\t<\/div>\n\t\t\t\t\t<\/div>\n\t\t\t\t<\/div>\n\t\t<div class=\"elementor-element elementor-element-86f3dc5 e-flex e-con-boxed e-con e-parent\" data-id=\"86f3dc5\" data-element_type=\"container\" data-e-type=\"container\" data-settings=\"{&quot;background_background&quot;:&quot;classic&quot;}\">\n\t\t\t\t\t<div class=\"e-con-inner\">\n\t\t\t\t<div class=\"elementor-element elementor-element-459fb3a elementor-widget elementor-widget-heading\" data-id=\"459fb3a\" data-element_type=\"widget\" data-e-type=\"widget\" data-widget_type=\"heading.default\">\n\t\t\t\t<div class=\"elementor-widget-container\">\n\t\t\t\t\t<h2 class=\"elementor-heading-title elementor-size-default\">4. Retourprocedure<\/h2>\t\t\t\t<\/div>\n\t\t\t\t<\/div>\n\t\t\t\t<div class=\"elementor-element elementor-element-5de2413 elementor-widget elementor-widget-text-editor\" data-id=\"5de2413\" data-element_type=\"widget\" data-e-type=\"widget\" data-widget_type=\"text-editor.default\">\n\t\t\t\t<div class=\"elementor-widget-container\">\n\t\t\t\t\t\t\t\t\t<ul><li data-start=\"2573\" data-end=\"2676\"><p data-start=\"2575\" data-end=\"2606\">Retouren kunnen alleen worden aangevraagd door Gabriq per e-mail contact op te nemen (info@gabriq.com).<\/p><\/li><li data-start=\"2573\" data-end=\"2676\">Bij het aanvragen van een retour moeten consumenten hun bestelnummer en de reden van retour in hun e-mail vermelden.<\/li><li data-start=\"2794\" data-end=\"2894\"><p data-start=\"2796\" data-end=\"2894\">Na goedkeuring van het retourverzoek maakt Gabriq een retourverzendlabel en stuurt dit per e-mail naar de consument.<\/p><\/li><li data-start=\"2895\" data-end=\"2985\"><p data-start=\"2897\" data-end=\"2985\">De kosten voor retourverzending zijn de verantwoordelijkheid van de consument, tenzij anders overeengekomen. Als een retour het gevolg is van een beschadigd product, een fabricagefout of een verkeerd geleverd artikel, betaalt Gabriq de verzendkosten. <\/p><\/li><\/ul>\t\t\t\t\t\t\t\t<\/div>\n\t\t\t\t<\/div>\n\t\t\t\t\t<\/div>\n\t\t\t\t<\/div>\n\t\t<div class=\"elementor-element elementor-element-e2bdec4 e-flex e-con-boxed e-con e-parent\" data-id=\"e2bdec4\" data-element_type=\"container\" data-e-type=\"container\" data-settings=\"{&quot;background_background&quot;:&quot;classic&quot;}\">\n\t\t\t\t\t<div class=\"e-con-inner\">\n\t\t\t\t<div class=\"elementor-element elementor-element-2e03c93 elementor-widget elementor-widget-heading\" data-id=\"2e03c93\" data-element_type=\"widget\" data-e-type=\"widget\" data-widget_type=\"heading.default\">\n\t\t\t\t<div class=\"elementor-widget-container\">\n\t\t\t\t\t<h2 class=\"elementor-heading-title elementor-size-default\">5. Terugbetalingen<\/h2>\t\t\t\t<\/div>\n\t\t\t\t<\/div>\n\t\t\t\t<div class=\"elementor-element elementor-element-9047a6b elementor-widget elementor-widget-text-editor\" data-id=\"9047a6b\" data-element_type=\"widget\" data-e-type=\"widget\" data-widget_type=\"text-editor.default\">\n\t\t\t\t<div class=\"elementor-widget-container\">\n\t\t\t\t\t\t\t\t\t<ul><li data-start=\"3445\" data-end=\"3609\"><p data-start=\"3447\" data-end=\"3609\">Terugbetalingen worden binnen 14 dagen na ontvangst en inspectie van het teruggegeven product verstrekt, onder voorbehoud van de voorwaarden zoals beschreven in onze <a style=\"font-size: 16px;\" href=\"https:\/\/gabriq.com\/nl\/algemene-voorwaarden\/\"><strong>Algemene Voorwaarden.<\/strong><\/a><\/p><\/li><li data-start=\"3610\" data-end=\"3667\"><p data-start=\"3612\" data-end=\"3667\">Terugbetalingen worden gedaan via de oorspronkelijke betaalmethode.<\/p><\/li><li data-start=\"3668\" data-end=\"3751\"><p data-start=\"3670\" data-end=\"3751\">De oorspronkelijke verzendkosten zijn niet restitueerbaar, tenzij de volledige bestelling wordt geannuleerd door een fout van Gabriq.<\/p><\/li><\/ul>\t\t\t\t\t\t\t\t<\/div>\n\t\t\t\t<\/div>\n\t\t\t\t\t<\/div>\n\t\t\t\t<\/div>\n\t\t<div class=\"elementor-element elementor-element-984a988 e-flex e-con-boxed e-con e-parent\" data-id=\"984a988\" data-element_type=\"container\" data-e-type=\"container\" data-settings=\"{&quot;background_background&quot;:&quot;classic&quot;}\">\n\t\t\t\t\t<div class=\"e-con-inner\">\n\t\t\t\t<div class=\"elementor-element elementor-element-a2d4ee2 elementor-widget elementor-widget-heading\" data-id=\"a2d4ee2\" data-element_type=\"widget\" data-e-type=\"widget\" data-widget_type=\"heading.default\">\n\t\t\t\t<div class=\"elementor-widget-container\">\n\t\t\t\t\t<h2 class=\"elementor-heading-title elementor-size-default\">6. Garantie<\/h2>\t\t\t\t<\/div>\n\t\t\t\t<\/div>\n\t\t\t\t<div class=\"elementor-element elementor-element-9e2ec58 elementor-widget elementor-widget-text-editor\" data-id=\"9e2ec58\" data-element_type=\"widget\" data-e-type=\"widget\" data-widget_type=\"text-editor.default\">\n\t\t\t\t<div class=\"elementor-widget-container\">\n\t\t\t\t\t\t\t\t\t<ul><li>Voor informatie over de garantie kunt u onze <strong><a style=\"font-size: 16px;\" href=\"https:\/\/gabriq.com\/nl\/algemene-voorwaarden\/\">Algemene Voorwaarden raadplegen.<\/a><\/strong><\/li><\/ul>\t\t\t\t\t\t\t\t<\/div>\n\t\t\t\t<\/div>\n\t\t\t\t\t<\/div>\n\t\t\t\t<\/div>\n\t\t<div class=\"elementor-element elementor-element-d4ea160 e-flex e-con-boxed e-con e-parent\" data-id=\"d4ea160\" data-element_type=\"container\" data-e-type=\"container\" data-settings=\"{&quot;background_background&quot;:&quot;classic&quot;}\">\n\t\t\t\t\t<div class=\"e-con-inner\">\n\t\t\t\t<div class=\"elementor-element elementor-element-56a11b1 elementor-widget elementor-widget-heading\" data-id=\"56a11b1\" data-element_type=\"widget\" data-e-type=\"widget\" data-widget_type=\"heading.default\">\n\t\t\t\t<div class=\"elementor-widget-container\">\n\t\t\t\t\t<h2 class=\"elementor-heading-title elementor-size-default\">7. Contact<\/h2>\t\t\t\t<\/div>\n\t\t\t\t<\/div>\n\t\t\t\t<div class=\"elementor-element elementor-element-cda99c9 elementor-widget elementor-widget-text-editor\" data-id=\"cda99c9\" data-element_type=\"widget\" data-e-type=\"widget\" data-widget_type=\"text-editor.default\">\n\t\t\t\t<div class=\"elementor-widget-container\">\n\t\t\t\t\t\t\t\t\t<ul><li>Vragen of problemen met betrekking tot een retour? Neem contact met ons op <a href=\"mailto:info@gabriq.com\"><strong>via info@gabriq.com<\/strong><\/a>. <\/li><\/ul>\t\t\t\t\t\t\t\t<\/div>\n\t\t\t\t<\/div>\n\t\t\t\t\t<\/div>\n\t\t\t\t<\/div>\n\t\t<div class=\"elementor-element elementor-element-391c8ea e-flex e-con-boxed e-con e-parent\" data-id=\"391c8ea\" data-element_type=\"container\" data-e-type=\"container\" data-settings=\"{&quot;background_background&quot;:&quot;classic&quot;}\">\n\t\t\t\t\t<div class=\"e-con-inner\">\n\t\t\t\t<div class=\"elementor-element elementor-element-53a1586 elementor-widget elementor-widget-text-editor\" data-id=\"53a1586\" data-element_type=\"widget\" data-e-type=\"widget\" data-widget_type=\"text-editor.default\">\n\t\t\t\t<div class=\"elementor-widget-container\">\n\t\t\t\t\t\t\t\t\t<p><strong>Laatst bijgewerkt:<\/strong> 26 januari 2026<\/p><p><strong>Bedrijfsinformatie:<\/strong><br>Gabriq V.O.F.<br>Meerstraat 22, 5552 JE Valkenswaard, Netherlands<br>KvK: 98661353<br>BTW: NL868589536B01<br>E-mail: <a href=\"mailto:info@gabriq.com\">info@gabriq.com<\/a><\/p><p><strong>Gabriq. Where Performance Meets Style. <\/strong><\/p>\t\t\t\t\t\t\t\t<\/div>\n\t\t\t\t<\/div>\n\t\t\t\t\t<\/div>\n\t\t\t\t<\/div>\n\t\t\t\t<\/div>\n\t\t","protected":false},"excerpt":{"rendered":"<p>Verzend- en retourbeleid 1. Levering Gabriq levert exclusief aan de volgende Europese landen: Nederland, Belgi\u00eb, Duitsland, Frankrijk, Oostenrijk, Spanje, Itali\u00eb, Verenigd Koninkrijk, Polen, Portugal, Zweden, Denemarken en Tsjechi\u00eb. De verzendkosten hangen af van het bestemmingsland en worden duidelijk weergegeven v\u00f3\u00f3r het afrekenen. Bestellingen worden meestal verwerkt en binnen 1\u20133 werkdagen verzonden. Bezorgtijden zijn indicatief; vertragingen [&hellip;]<\/p>\n","protected":false},"author":1,"featured_media":0,"parent":0,"menu_order":0,"comment_status":"closed","ping_status":"closed","template":"","meta":{"_acf_changed":false,"site-sidebar-layout":"no-sidebar","site-content-layout":"page-builder","ast-site-content-layout":"full-width-container","site-content-style":"default","site-sidebar-style":"default","ast-global-header-display":"","ast-banner-title-visibility":"","ast-main-header-display":"","ast-hfb-above-header-display":"","ast-hfb-below-header-display":"","ast-hfb-mobile-header-display":"","site-post-title":"disabled","ast-breadcrumbs-content":"","ast-featured-img":"disabled","footer-sml-layout":"","ast-disable-related-posts":"","theme-transparent-header-meta":"","adv-header-id-meta":"","stick-header-meta":"","header-above-stick-meta":"","header-main-stick-meta":"","header-below-stick-meta":"","astra-migrate-meta-layouts":"default","ast-page-background-enabled":"default","ast-page-background-meta":{"desktop":{"background-color":"var(--ast-global-color-4)","background-image":"","background-repeat":"repeat","background-position":"center center","background-size":"auto","background-attachment":"scroll","background-type":"","background-media":"","overlay-type":"","overlay-color":"","overlay-opacity":"","overlay-gradient":""},"tablet":{"background-color":"","background-image":"","background-repeat":"repeat","background-position":"center center","background-size":"auto","background-attachment":"scroll","background-type":"","background-media":"","overlay-type":"","overlay-color":"","overlay-opacity":"","overlay-gradient":""},"mobile":{"background-color":"","background-image":"","background-repeat":"repeat","background-position":"center center","background-size":"auto","background-attachment":"scroll","background-type":"","background-media":"","overlay-type":"","overlay-color":"","overlay-opacity":"","overlay-gradient":""}},"ast-content-background-meta":{"desktop":{"background-color":"var(--ast-global-color-5)","background-image":"","background-repeat":"repeat","background-position":"center center","background-size":"auto","background-attachment":"scroll","background-type":"","background-media":"","overlay-type":"","overlay-color":"","overlay-opacity":"","overlay-gradient":""},"tablet":{"background-color":"var(--ast-global-color-5)","background-image":"","background-repeat":"repeat","background-position":"center center","background-size":"auto","background-attachment":"scroll","background-type":"","background-media":"","overlay-type":"","overlay-color":"","overlay-opacity":"","overlay-gradient":""},"mobile":{"background-color":"var(--ast-global-color-5)","background-image":"","background-repeat":"repeat","background-position":"center center","background-size":"auto","background-attachment":"scroll","background-type":"","background-media":"","overlay-type":"","overlay-color":"","overlay-opacity":"","overlay-gradient":""}},"footnotes":""},"class_list":["post-6086","page","type-page","status-publish","hentry"],"acf":[],"jetpack_sharing_enabled":true,"_links":{"self":[{"href":"https:\/\/gabriq.com\/nl\/wp-json\/wp\/v2\/pages\/6086","targetHints":{"allow":["GET"]}}],"collection":[{"href":"https:\/\/gabriq.com\/nl\/wp-json\/wp\/v2\/pages"}],"about":[{"href":"https:\/\/gabriq.com\/nl\/wp-json\/wp\/v2\/types\/page"}],"author":[{"embeddable":true,"href":"https:\/\/gabriq.com\/nl\/wp-json\/wp\/v2\/users\/1"}],"replies":[{"embeddable":true,"href":"https:\/\/gabriq.com\/nl\/wp-json\/wp\/v2\/comments?post=6086"}],"version-history":[{"count":3,"href":"https:\/\/gabriq.com\/nl\/wp-json\/wp\/v2\/pages\/6086\/revisions"}],"predecessor-version":[{"id":7382,"href":"https:\/\/gabriq.com\/nl\/wp-json\/wp\/v2\/pages\/6086\/revisions\/7382"}],"wp:attachment":[{"href":"https:\/\/gabriq.com\/nl\/wp-json\/wp\/v2\/media?parent=6086"}],"curies":[{"name":"wp","href":"https:\/\/api.w.org\/{rel}","templated":true}]}}